{"id":3448,"date":"2026-02-19T08:32:42","date_gmt":"2026-02-19T07:32:42","guid":{"rendered":"https:\/\/famdt-ardeche.fr\/wp\/?page_id=3448"},"modified":"2026-02-19T08:32:43","modified_gmt":"2026-02-19T07:32:43","slug":"les-scenes-ouvertes-de-tradardeche","status":"publish","type":"page","link":"https:\/\/famdt-ardeche.fr\/wp\/les-scenes-ouvertes-de-tradardeche\/","title":{"rendered":"LES \u00ab\u00a0SCENES OUVERTES\u00a0\u00bb DE TRADARDECHE"},"content":{"rendered":"\n<p class=\"has-medium-font-size\">&nbsp;&nbsp;&nbsp;&nbsp;&nbsp;&nbsp;&nbsp;&nbsp;&nbsp;&nbsp;&nbsp;&nbsp;&nbsp; Tradard\u00e8che propose \u00e0 des groupes amateurs dont les membres seraient pr\u00e9sents au festival des possibilit\u00e9s de se produire dans le cadre du festival. Il ne s\u2019agit pas de prestations r\u00e9mun\u00e9r\u00e9es, il s\u2019agit, au-del\u00e0 des groupes programm\u00e9s et du budget allou\u00e9 (qui n\u2019est malheureusement pas extensible, le festival s\u2019efforce d\u00e9j\u00e0 de ne plus \u00eatre d\u00e9ficitaire tout en \u00e9tant complet), de permettre \u00e0 des formations qui le souhaitent de s\u2019exprimer et de faire danser.<\/p>\n\n\n\n<p class=\"has-medium-font-size\">Deux cr\u00e9neaux officiels sont envisag\u00e9s&nbsp;:<\/p>\n\n\n\n<ul class=\"wp-block-list\">\n<li>Une sc\u00e8ne ouverte le samedi 23 mai, de 14h30 \u00e0 15h30, sur la sc\u00e8ne du Petit Bois avant les bals de Bois Debout et Chopska.<\/li>\n\n\n\n<li>L\u2019animation du brunch du lundi matin, \u00e0 partir de 11h00, sur la place de la mairie en ville, devant la terrasse d\u2019un bar. Sonorisation possible si souhait\u00e9e.<\/li>\n<\/ul>\n\n\n\n<p class=\"has-medium-font-size\">De plus, nous avons constat\u00e9 que des gens, et parfois des formations, souhaitaient se produire dans la salle des bals du soir lors des interplateaux. Si c\u2019est le cas, il est possible de nous pr\u00e9venir \u00e0 l\u2019avance pour en quelque sorte r\u00e9server un cr\u00e9neau de 20 mn.<\/p>\n\n\n\n<p class=\"has-medium-font-size\">Si nous ne sommes pas en mesure de payer ces animations, nous pouvons quand m\u00eame a minima proposer boissons et restauration aux participants.<\/p>\n\n\n\n<p class=\"has-medium-font-size\">Pour nous contacter\u00a0: <a href=\"mailto:famdta@famdt-ardeche.fr\">famdta@famdt-ardeche.fr<\/a><\/p>\n\n\n\n<p class=\"has-medium-font-size\">La commission d\u2019organisation \u00e9tudiera ces propositions probablement \u00e0 la fin du mois de mars.&nbsp;<\/p>\n\n\n\n<p class=\"has-medium-font-size\">Pour avoir une id\u00e9e des lieux, voir la vid\u00e9o de l\u2019\u00e9dition 2025&nbsp;:<\/p>\n\n\n\n<figure class=\"wp-block-embed is-type-video is-provider-youtube wp-block-embed-youtube wp-embed-aspect-16-9 wp-has-aspect-ratio\"><div class=\"wp-block-embed__wrapper\">\n<iframe loading=\"lazy\"  style=\"display: block; margin: 0px auto;\"  id=\"_ytid_16440\"  width=\"800\" height=\"450\"  data-origwidth=\"800\" data-origheight=\"450\" src=\"https:\/\/www.youtube.com\/embed\/ZUvei7dk6Kg?enablejsapi=1&#038;autoplay=1&#038;cc_load_policy=0&#038;cc_lang_pref=fr&#038;iv_load_policy=1&#038;loop=0&#038;modestbranding=0&#038;rel=1&#038;fs=1&#038;playsinline=0&#038;autohide=2&#038;theme=dark&#038;color=red&#038;controls=1&#038;\" class=\"__youtube_prefs__  epyt-is-override  no-lazyload\" title=\"YouTube player\"  allow=\"fullscreen; accelerometer; autoplay; clipboard-write; encrypted-media; gyroscope; picture-in-picture\" allowfullscreen data-no-lazy=\"1\" data-skipgform_ajax_framebjll=\"\"><\/iframe>\n<\/div><\/figure>\n","protected":false},"excerpt":{"rendered":"<p>&nbsp;&nbsp;&nbsp;&nbsp;&nbsp;&nbsp;&nbsp;&nbsp;&nbsp;&nbsp;&nbsp;&nbsp;&nbsp; Tradard\u00e8che propose \u00e0 des groupes amateurs dont les membres seraient pr\u00e9sents au festival des possibilit\u00e9s de se produire dans le cadre du festival. Il ne s\u2019agit pas de prestations r\u00e9mun\u00e9r\u00e9es, il s\u2019agit, au-del\u00e0 des groupes programm\u00e9s et du budget allou\u00e9 (qui n\u2019est malheureusement pas extensible, le festival s\u2019efforce d\u00e9j\u00e0 de ne plus \u00eatre d\u00e9ficitaire [&hellip;]<\/p>\n","protected":false},"author":4,"featured_media":0,"parent":0,"menu_order":0,"comment_status":"closed","ping_status":"closed","template":"","meta":{"ocean_post_layout":"","ocean_both_sidebars_style":"","ocean_both_sidebars_content_width":0,"ocean_both_sidebars_sidebars_width":0,"ocean_sidebar":"","ocean_second_sidebar":"","ocean_disable_margins":"enable","ocean_add_body_class":"","ocean_shortcode_before_top_bar":"","ocean_shortcode_after_top_bar":"","ocean_shortcode_before_header":"","ocean_shortcode_after_header":"","ocean_has_shortcode":"","ocean_shortcode_after_title":"","ocean_shortcode_before_footer_widgets":"","ocean_shortcode_after_footer_widgets":"","ocean_shortcode_before_footer_bottom":"","ocean_shortcode_after_footer_bottom":"","ocean_display_top_bar":"default","ocean_display_header":"default","ocean_header_style":"","ocean_center_header_left_menu":"","ocean_custom_header_template":"","ocean_custom_logo":0,"ocean_custom_retina_logo":0,"ocean_custom_logo_max_width":0,"ocean_custom_logo_tablet_max_width":0,"ocean_custom_logo_mobile_max_width":0,"ocean_custom_logo_max_height":0,"ocean_custom_logo_tablet_max_height":0,"ocean_custom_logo_mobile_max_height":0,"ocean_header_custom_menu":"","ocean_menu_typo_font_family":"","ocean_menu_typo_font_subset":"","ocean_menu_typo_font_size":0,"ocean_menu_typo_font_size_tablet":0,"ocean_menu_typo_font_size_mobile":0,"ocean_menu_typo_font_size_unit":"px","ocean_menu_typo_font_weight":"","ocean_menu_typo_font_weight_tablet":"","ocean_menu_typo_font_weight_mobile":"","ocean_menu_typo_transform":"","ocean_menu_typo_transform_tablet":"","ocean_menu_typo_transform_mobile":"","ocean_menu_typo_line_height":0,"ocean_menu_typo_line_height_tablet":0,"ocean_menu_typo_line_height_mobile":0,"ocean_menu_typo_line_height_unit":"","ocean_menu_typo_spacing":0,"ocean_menu_typo_spacing_tablet":0,"ocean_menu_typo_spacing_mobile":0,"ocean_menu_typo_spacing_unit":"","ocean_menu_link_color":"","ocean_menu_link_color_hover":"","ocean_menu_link_color_active":"","ocean_menu_link_background":"","ocean_menu_link_hover_background":"","ocean_menu_link_active_background":"","ocean_menu_social_links_bg":"","ocean_menu_social_hover_links_bg":"","ocean_menu_social_links_color":"","ocean_menu_social_hover_links_color":"","ocean_disable_title":"default","ocean_disable_heading":"default","ocean_post_title":"","ocean_post_subheading":"","ocean_post_title_style":"","ocean_post_title_background_color":"","ocean_post_title_background":0,"ocean_post_title_bg_image_position":"","ocean_post_title_bg_image_attachment":"","ocean_post_title_bg_image_repeat":"","ocean_post_title_bg_image_size":"","ocean_post_title_height":0,"ocean_post_title_bg_overlay":0.5,"ocean_post_title_bg_overlay_color":"","ocean_disable_breadcrumbs":"default","ocean_breadcrumbs_color":"","ocean_breadcrumbs_separator_color":"","ocean_breadcrumbs_links_color":"","ocean_breadcrumbs_links_hover_color":"","ocean_display_footer_widgets":"default","ocean_display_footer_bottom":"default","ocean_custom_footer_template":"","footnotes":""},"categories":[75],"tags":[],"class_list":["post-3448","page","type-page","status-publish","hentry","category-tradardeche-2026","entry"],"_links":{"self":[{"href":"https:\/\/famdt-ardeche.fr\/wp\/wp-json\/wp\/v2\/pages\/3448","targetHints":{"allow":["GET"]}}],"collection":[{"href":"https:\/\/famdt-ardeche.fr\/wp\/wp-json\/wp\/v2\/pages"}],"about":[{"href":"https:\/\/famdt-ardeche.fr\/wp\/wp-json\/wp\/v2\/types\/page"}],"author":[{"embeddable":true,"href":"https:\/\/famdt-ardeche.fr\/wp\/wp-json\/wp\/v2\/users\/4"}],"replies":[{"embeddable":true,"href":"https:\/\/famdt-ardeche.fr\/wp\/wp-json\/wp\/v2\/comments?post=3448"}],"version-history":[{"count":1,"href":"https:\/\/famdt-ardeche.fr\/wp\/wp-json\/wp\/v2\/pages\/3448\/revisions"}],"predecessor-version":[{"id":3449,"href":"https:\/\/famdt-ardeche.fr\/wp\/wp-json\/wp\/v2\/pages\/3448\/revisions\/3449"}],"wp:attachment":[{"href":"https:\/\/famdt-ardeche.fr\/wp\/wp-json\/wp\/v2\/media?parent=3448"}],"wp:term":[{"taxonomy":"category","embeddable":true,"href":"https:\/\/famdt-ardeche.fr\/wp\/wp-json\/wp\/v2\/categories?post=3448"},{"taxonomy":"post_tag","embeddable":true,"href":"https:\/\/famdt-ardeche.fr\/wp\/wp-json\/wp\/v2\/tags?post=3448"}],"curies":[{"name":"wp","href":"https:\/\/api.w.org\/{rel}","templated":true}]}}