{"id":3323,"date":"2025-12-24T15:26:15","date_gmt":"2025-12-24T14:26:15","guid":{"rendered":"https:\/\/famdt-ardeche.fr\/wp\/?page_id=3323"},"modified":"2026-01-28T18:20:35","modified_gmt":"2026-01-28T17:20:35","slug":"la-programmation-les-groupes-de-tradardeche-2026","status":"publish","type":"page","link":"https:\/\/famdt-ardeche.fr\/wp\/la-programmation-les-groupes-de-tradardeche-2026\/","title":{"rendered":"La programmation : les groupes de Tradard\u00e8che 2026."},"content":{"rendered":"\n<p class=\"has-medium-font-size\">[Attention, sur certains navigateurs (tels que Firefox) il arrive que les vid\u00e9os youtube embarqu\u00e9es sur cette page se d\u00e9clenchent parfois plusieurs ne m\u00eame temps, mettez alors sur pause pour lire tranquillement la page, ou utilisez un autre navigateur]<\/p>\n\n\n\n<h1 class=\"wp-block-heading has-x-large-font-size\"><strong>Vendredi 22 <\/strong>mai<\/h1>\n\n\n\n<p class=\"has-large-font-size\"><strong>A 21h00, salle Ouv\u00e8ze<\/strong> : La Sialyre Trio<\/p>\n\n\n\n<p class=\"has-medium-font-size\">Le Duo Lachia &#8211; Qu\u00e9r\u00e9, qui r\u00e9unit Nina Lachia (violon 5 cordes) et Sylvain Qu\u00e9r\u00e9 (guitare et cistre), est d\u00e9sormais connu sous le nom de La Sialyre, qui a sorti son premier album en 2023. Cette Sialyre se pr\u00e9sentera \u00e0 Tradard\u00e8che pour la premi\u00e8re fois et en exclusivit\u00e9 mondiale sous la forme d&rsquo;un trio, renforc\u00e9 de la pr\u00e9sence  de Lucas Th\u00e9baut \u00e0 l&rsquo;accord\u00e9on. <\/p>\n\n\n\n<figure class=\"wp-block-embed is-type-video is-provider-youtube wp-block-embed-youtube wp-embed-aspect-16-9 wp-has-aspect-ratio\"><div class=\"wp-block-embed__wrapper\">\n<iframe loading=\"lazy\"  style=\"display: block; margin: 0px auto;\"  id=\"_ytid_86504\"  width=\"800\" height=\"450\"  data-origwidth=\"800\" data-origheight=\"450\" src=\"https:\/\/www.youtube.com\/embed\/5kLtHsyq92k?enablejsapi=1&#038;autoplay=1&#038;cc_load_policy=0&#038;cc_lang_pref=fr&#038;iv_load_policy=1&#038;loop=0&#038;modestbranding=0&#038;rel=1&#038;fs=1&#038;playsinline=0&#038;autohide=2&#038;theme=dark&#038;color=red&#038;controls=1&#038;\" class=\"__youtube_prefs__  epyt-is-override  no-lazyload\" title=\"YouTube player\"  allow=\"fullscreen; accelerometer; autoplay; clipboard-write; encrypted-media; gyroscope; picture-in-picture\" allowfullscreen data-no-lazy=\"1\" data-skipgform_ajax_framebjll=\"\"><\/iframe>\n<\/div><\/figure>\n\n\n\n<p class=\"has-medium-font-size\">Cha\u00eene youtube du groupe : <a href=\"https:\/\/www.youtube.com\/@LaSialyre\">https:\/\/www.youtube.com\/@LaSialyre<\/a> <br>Page Facebook : <a href=\"https:\/\/www.facebook.com\/lasialyre\/\">https:\/\/www.facebook.com\/lasialyre\/<\/a> <br><br>Le samedi matin, de 10h00, \u00e0 13h00, Nina Lachia animera un stage de violon, et Sylvain Qu\u00e9r\u00e9 un stage d&rsquo;accompagnement pour tous instruments polyphoniques.<\/p>\n\n\n\n<p class=\"has-large-font-size\"><strong>A 23h15, salle Ouv\u00e8ze : Trencadit<\/strong><\/p>\n\n\n\n<p class=\"has-medium-font-size\">Trencadit a sorti en 2025 son deuxi\u00e8me album, Las Honts. Alexandre Seli (violon, pieds), Valentin Laborde (vielle \u00e9lectrique), Martin Lassouque (Bohas, violon et voix) et Jordan Tisner (flabuta, tamborin, basse, voix et kick) revisitent le r\u00e9pertoire gascon dans une esth\u00e9tique r\u00e9solument  \u00e9lectrique, dans une optique proche de la musique r\u00e9p\u00e9titive et bruitiste. Un univers extr\u00eamement moderne mais r\u00e9solument ancr\u00e9 dans la tradition. <\/p>\n\n\n\n<figure class=\"wp-block-embed is-type-video is-provider-youtube wp-block-embed-youtube wp-embed-aspect-16-9 wp-has-aspect-ratio\"><div class=\"wp-block-embed__wrapper\">\n<iframe loading=\"lazy\"  style=\"display: block; margin: 0px auto;\"  id=\"_ytid_29810\"  width=\"800\" height=\"450\"  data-origwidth=\"800\" data-origheight=\"450\" src=\"https:\/\/www.youtube.com\/embed\/YZntLbdQJu8?enablejsapi=1&#038;autoplay=1&#038;cc_load_policy=0&#038;cc_lang_pref=fr&#038;iv_load_policy=1&#038;loop=0&#038;modestbranding=0&#038;rel=1&#038;fs=1&#038;playsinline=0&#038;autohide=2&#038;theme=dark&#038;color=red&#038;controls=1&#038;\" class=\"__youtube_prefs__  epyt-is-override  no-lazyload\" title=\"YouTube player\"  allow=\"fullscreen; accelerometer; autoplay; clipboard-write; encrypted-media; gyroscope; picture-in-picture\" allowfullscreen data-no-lazy=\"1\" data-skipgform_ajax_framebjll=\"\"><\/iframe>\n<\/div><\/figure>\n\n\n\n<p class=\"has-medium-font-size\">Site internet du groupe : <a href=\"https:\/\/trencadit.jimdofree.com\/\">https:\/\/trencadit.jimdofree.com\/<\/a><br>Cha\u00eene youtube : <a href=\"https:\/\/www.youtube.com\/@Trencadit\">https:\/\/www.youtube.com\/@Trencadit<\/a> <\/p>\n\n\n\n<p class=\"has-medium-font-size\">A noter que le samedi matin, de 10h00 \u00e0 12h00, un stage de danses du sud-ouest anim\u00e9 par Isabelle Gandouin (Savasse Loisirs) permettra de faire le pont entre des danses propos\u00e9es par Trencadit le vendredi et Imnari le samedi. <\/p>\n\n\n\n<h1 class=\"wp-block-heading has-x-large-font-size\">Samedi 23 mai<\/h1>\n\n\n\n<p class=\"has-large-font-size\"><strong>A 16h00, au Petit Bois : Bois Debout.<\/strong><\/p>\n\n\n\n<p class=\"has-medium-font-size\">Ce duo de sud-ard\u00e8che r\u00e9unit Quentin Boutignon (accord\u00e9on diatonique, bouzouki, pieds) et Jean-Daniel Talma (fl\u00fbte traversi\u00e8re en bois, fifres, fl\u00fbte \u00e0 bourdon, carem\u00e9re). <\/p>\n\n\n\n<figure class=\"wp-block-image size-full is-resized\"><img loading=\"lazy\" decoding=\"async\" width=\"405\" height=\"405\" src=\"https:\/\/famdt-ardeche.fr\/wp\/wp-content\/uploads\/2025\/12\/boisdeboutbuches.jpg\" alt=\"\" class=\"wp-image-3326\" style=\"width:332px;height:auto\" srcset=\"https:\/\/famdt-ardeche.fr\/wp\/wp-content\/uploads\/2025\/12\/boisdeboutbuches.jpg 405w, https:\/\/famdt-ardeche.fr\/wp\/wp-content\/uploads\/2025\/12\/boisdeboutbuches-300x300.jpg 300w, https:\/\/famdt-ardeche.fr\/wp\/wp-content\/uploads\/2025\/12\/boisdeboutbuches-150x150.jpg 150w\" sizes=\"auto, (max-width: 405px) 100vw, 405px\" \/><\/figure>\n\n\n\n<p class=\"has-medium-font-size\">Site internet : <a href=\"http:\/\/www.elbock.fr\/atelier_El_Bock\/Boisdebout.html\">http:\/\/www.elbock.fr\/atelier_El_Bock\/Boisdebout.html<\/a> <br>Jean-Daniel Talma sera \u00e9galement pr\u00e9sent au Village du Trad pour pr\u00e9senter les fl\u00fbtes qu&rsquo;il cr\u00e9e dans le cadre de l&rsquo;atelier Elbock. <\/p>\n\n\n\n<p class=\"has-large-font-size\"><strong>A 17h30, au Petit Bois : Chopska. <\/strong><\/p>\n\n\n\n<p class=\"has-medium-font-size\">Chopska associe l&rsquo;accord\u00e9oniste Fran\u00e7ois Heim et la violoniste L\u00e9a Bernot. <\/p>\n\n\n\n<figure class=\"wp-block-image size-full\"><img loading=\"lazy\" decoding=\"async\" width=\"669\" height=\"426\" src=\"https:\/\/famdt-ardeche.fr\/wp\/wp-content\/uploads\/2025\/12\/Capture-decran-2025-12-24-161807.png\" alt=\"\" class=\"wp-image-3329\" srcset=\"https:\/\/famdt-ardeche.fr\/wp\/wp-content\/uploads\/2025\/12\/Capture-decran-2025-12-24-161807.png 669w, https:\/\/famdt-ardeche.fr\/wp\/wp-content\/uploads\/2025\/12\/Capture-decran-2025-12-24-161807-300x191.png 300w\" sizes=\"auto, (max-width: 669px) 100vw, 669px\" \/><\/figure>\n\n\n\n<p class=\"has-medium-font-size\">Site internet : <a href=\"https:\/\/www.compagniebalagan.com\/copie-de-volska\">https:\/\/www.compagniebalagan.com\/copie-de-volska<\/a> <\/p>\n\n\n\n<p class=\"has-medium-font-size\">Fran\u00e7ois Heim animera deux stages d&rsquo;accord\u00e9on diatonique au festival : un stage pour d\u00e9butants le samedi de 10h00 \u00e0 13h00, et un stage pour musiciens plus avanc\u00e9s le dimanche de 10h00 \u00e0 13h00. <\/p>\n\n\n\n<h1 class=\"wp-block-heading has-large-font-size\">A 21h00, \u00e0 la salle Ouv\u00e8ze : Salvatjonas.<\/h1>\n\n\n\n<p class=\"has-medium-font-size\">Aelis Loddo (violon, voix, pieds) et et Laurie Alias (percussions, voix) proposent un r\u00e9pertoire occitan qui associe la tradition languedocienne \u00e0 leurs propres compositions. <\/p>\n\n\n\n<p><a href=\"https:\/\/www.youtube.com\/watch?v=7TK5QK6xAu0&amp;list=RD7TK5QK6xAu0&amp;start_radio=1\">https:\/\/www.youtube.com\/watch?v=7TK5QK6xAu0&amp;list=RD7TK5QK6xAu0&amp;start_radio=1<\/a><\/p>\n\n\n\n<p class=\"has-medium-font-size\">Site internet : <a href=\"https:\/\/tradethik.fr\/les-artistes\/salvatjonas\/\">https:\/\/tradethik.fr\/les-artistes\/salvatjonas\/<\/a> <br>Page Facebook : <a href=\"https:\/\/www.facebook.com\/p\/Salvatjonas-100063906405587\/?locale=fr_FR\">https:\/\/www.facebook.com\/p\/Salvatjonas-100063906405587\/?locale=fr_FR<\/a><\/p>\n\n\n\n<p class=\"has-medium-font-size\">Le duo animera le samedi apr\u00e8s-midi de 13h00 \u00e0 16h00 un stage de chant occitan. <\/p>\n\n\n\n<h2 class=\"wp-block-heading has-large-font-size\"><strong>A 23h15, salle Ouv\u00e8ze : Imnari<\/strong><\/h2>\n\n\n\n<p class=\"has-medium-font-size\">Le bal d\u2019Imnari est une invitation au voyage depuis les r\u00e9gions fran\u00e7aises jusqu\u2019en Gr\u00e8ce et en particulier la Cr\u00e8te en faisant un petit d\u00e9tour par l\u2019Europe du Nord, comme en t\u00e9moigne sa composition et son instrumentarium : Aurore S\u00e9guier (Nyckelharpa, violon, lyra cr\u00e9toise) ; Ciro Montanari (tabla) ; Audrey St-Sa\u00ebns Gonzales (chant) ; Sylvain Pool (guitare, cistre).\u00a0<\/p>\n\n\n\n<figure class=\"wp-block-embed is-type-video is-provider-youtube wp-block-embed-youtube wp-embed-aspect-16-9 wp-has-aspect-ratio\"><div class=\"wp-block-embed__wrapper\">\n<iframe loading=\"lazy\"  style=\"display: block; margin: 0px auto;\"  id=\"_ytid_16672\"  width=\"800\" height=\"450\"  data-origwidth=\"800\" data-origheight=\"450\" src=\"https:\/\/www.youtube.com\/embed\/cEexhb6hlz8?enablejsapi=1&#038;autoplay=1&#038;cc_load_policy=0&#038;cc_lang_pref=fr&#038;iv_load_policy=1&#038;loop=0&#038;modestbranding=0&#038;rel=1&#038;fs=1&#038;playsinline=0&#038;autohide=2&#038;theme=dark&#038;color=red&#038;controls=1&#038;\" class=\"__youtube_prefs__  epyt-is-override  no-lazyload\" title=\"YouTube player\"  allow=\"fullscreen; accelerometer; autoplay; clipboard-write; encrypted-media; gyroscope; picture-in-picture\" allowfullscreen data-no-lazy=\"1\" data-skipgform_ajax_framebjll=\"\"><\/iframe>\n<\/div><\/figure>\n\n\n\n<p class=\"has-medium-font-size\">Cha\u00eene youtube : <a href=\"https:\/\/www.youtube.com\/@imnariband\">https:\/\/www.youtube.com\/@imnariband<\/a> <br>Site internet : <a href=\"https:\/\/www.imnari.com\/\">https:\/\/www.imnari.com\/<\/a> <\/p>\n\n\n\n<p class=\"has-medium-font-size\">Samedi \u00e0 11h00, un \u00ab\u00a0Petit Imnari\u00a0\u00bb se produira en duo pour un concert acoustique en centre ville, \u00e0 l&rsquo;Atelier. Samedi de 13h00 \u00e0 15h00, Aurore S\u00e9guier animera un stage de danses de Cr\u00eate. <\/p>\n\n\n\n<h1 class=\"wp-block-heading has-x-large-font-size\">Dimanche 24 mai<\/h1>\n\n\n\n<p class=\"has-large-font-size\"><strong>A 15h00, au Petit Bois : A la vol\u00e9e<\/strong><\/p>\n\n\n\n<p class=\"has-medium-font-size\">Ce duo ard\u00e9chois associe Fr\u00e9d\u00e9ric Vanucci au violon et Marion Duvignaud \u00e0 l&rsquo;accord\u00e9on pour un r\u00e9pertoire itin\u00e9rant, des jigs irlandaises aux tarentelles italiennes, d&rsquo;un chant tzigane \u00e0 une berceuse Corse, de la valse \u00e0 la mazurka bien de chez nous. <\/p>\n\n\n\n<figure class=\"wp-block-image size-full is-resized\"><img loading=\"lazy\" decoding=\"async\" width=\"960\" height=\"955\" src=\"https:\/\/famdt-ardeche.fr\/wp\/wp-content\/uploads\/2025\/12\/Fred_Marion.jpg\" alt=\"\" class=\"wp-image-3340\" style=\"width:591px;height:auto\" srcset=\"https:\/\/famdt-ardeche.fr\/wp\/wp-content\/uploads\/2025\/12\/Fred_Marion.jpg 960w, https:\/\/famdt-ardeche.fr\/wp\/wp-content\/uploads\/2025\/12\/Fred_Marion-300x298.jpg 300w, https:\/\/famdt-ardeche.fr\/wp\/wp-content\/uploads\/2025\/12\/Fred_Marion-150x150.jpg 150w, https:\/\/famdt-ardeche.fr\/wp\/wp-content\/uploads\/2025\/12\/Fred_Marion-768x764.jpg 768w\" sizes=\"auto, (max-width: 960px) 100vw, 960px\" \/><\/figure>\n\n\n\n<p class=\"has-medium-font-size\">Site internet : <a href=\"https:\/\/www.a-la-volee.com\/\">https:\/\/www.a-la-volee.com\/<\/a> <\/p>\n\n\n\n<p class=\"has-large-font-size\"><strong>A 16h30, au Petit Bois : MST (Musique Sympathiquement Trad)<\/strong><\/p>\n\n\n\n<figure class=\"wp-block-image size-full is-resized\"><img loading=\"lazy\" decoding=\"async\" width=\"938\" height=\"938\" src=\"https:\/\/famdt-ardeche.fr\/wp\/wp-content\/uploads\/2025\/12\/Logo-MST.jpg\" alt=\"\" class=\"wp-image-3372\" style=\"width:371px;height:auto\" srcset=\"https:\/\/famdt-ardeche.fr\/wp\/wp-content\/uploads\/2025\/12\/Logo-MST.jpg 938w, https:\/\/famdt-ardeche.fr\/wp\/wp-content\/uploads\/2025\/12\/Logo-MST-300x300.jpg 300w, https:\/\/famdt-ardeche.fr\/wp\/wp-content\/uploads\/2025\/12\/Logo-MST-150x150.jpg 150w, https:\/\/famdt-ardeche.fr\/wp\/wp-content\/uploads\/2025\/12\/Logo-MST-768x768.jpg 768w, https:\/\/famdt-ardeche.fr\/wp\/wp-content\/uploads\/2025\/12\/Logo-MST-600x600.jpg 600w\" sizes=\"auto, (max-width: 938px) 100vw, 938px\" \/><\/figure>\n\n\n\n<p class=\"has-large-font-size\">A 21h00, salle Ouv\u00e8ze : Duo Tanghe-Coudroy<\/p>\n\n\n\n<p class=\"has-medium-font-size\">Un accord\u00e9on (Martin Coudroy) et une guitare (Aur\u00e9lien Tanghe) pour un bal qui propose de nombreuses escales en Bretagne et en Su\u00e8de. <\/p>\n\n\n\n<figure class=\"wp-block-embed is-type-video is-provider-youtube wp-block-embed-youtube wp-embed-aspect-16-9 wp-has-aspect-ratio\"><div class=\"wp-block-embed__wrapper\">\n<iframe loading=\"lazy\"  style=\"display: block; margin: 0px auto;\"  id=\"_ytid_69897\"  width=\"800\" height=\"450\"  data-origwidth=\"800\" data-origheight=\"450\" src=\"https:\/\/www.youtube.com\/embed\/FXvZ5GpcYQI?enablejsapi=1&#038;list=RDFXvZ5GpcYQI&#038;autoplay=1&#038;cc_load_policy=0&#038;cc_lang_pref=fr&#038;iv_load_policy=1&#038;loop=0&#038;modestbranding=0&#038;rel=1&#038;fs=1&#038;playsinline=0&#038;autohide=2&#038;theme=dark&#038;color=red&#038;controls=1&#038;\" class=\"__youtube_prefs__  epyt-is-override  no-lazyload\" title=\"YouTube player\"  allow=\"fullscreen; accelerometer; autoplay; clipboard-write; encrypted-media; gyroscope; picture-in-picture\" allowfullscreen data-no-lazy=\"1\" data-skipgform_ajax_framebjll=\"\"><\/iframe>\n<\/div><\/figure>\n\n\n\n<p class=\"has-medium-font-size\">Site internet : <a href=\"https:\/\/www.martincoudroy.com\/duo-tanghe-coudroy.html\">https:\/\/www.martincoudroy.com\/duo-tanghe-coudroy.html<\/a> <\/p>\n\n\n\n<p class=\"has-medium-font-size\">Dimanche de 10h00 \u00e0 13h00, Martin Coudroy animera un stage de danses su\u00e9doises, et Aur\u00e9lien Tanghe un stage de musique d&rsquo;ensemble autour du r\u00e9pertoire su\u00e9dois. <\/p>\n\n\n\n<p class=\"has-large-font-size\"><strong>A 23h15, salle Ouv\u00e8ze : Alberi Sonori<\/strong><\/p>\n\n\n\n<p class=\"has-medium-font-size\">Et c&rsquo;est du c\u00f4t\u00e9 de l&rsquo;Italie que se conclura l&rsquo;\u00e9dition 2026, avec le quatuor Alberi Sonori, avec Cinzia Minotti (voix, tambours m\u00e9diterran\u00e9ens, tambourin \u00e0 cordes, fl\u00fbte harmonique), Giuseppe Ponzo (guitare battente, lira calabraise, mandoline, mandole, guimbarde, fl\u00fbtes traditionnelles, orgue.), Valeria Vitrano (voix, tom basse, tambourin \u00e0 cordes, tambours m\u00e9diterran\u00e9ens, castagnette.), et Alessandra Di Magno (voix, tom basse, tambours m\u00e9diterran\u00e9ens, tambourin \u00e0 cordes, petites percussions traditionnelles).<\/p>\n\n\n\n<figure class=\"wp-block-embed is-type-video is-provider-youtube wp-block-embed-youtube wp-embed-aspect-16-9 wp-has-aspect-ratio\"><div class=\"wp-block-embed__wrapper\">\n<iframe loading=\"lazy\"  style=\"display: block; margin: 0px auto;\"  id=\"_ytid_41527\"  width=\"800\" height=\"450\"  data-origwidth=\"800\" data-origheight=\"450\" src=\"https:\/\/www.youtube.com\/embed\/6cn32Y3ToG0?enablejsapi=1&#038;list=RD6cn32Y3ToG0&#038;autoplay=1&#038;cc_load_policy=0&#038;cc_lang_pref=fr&#038;iv_load_policy=1&#038;loop=0&#038;modestbranding=0&#038;rel=1&#038;fs=1&#038;playsinline=0&#038;autohide=2&#038;theme=dark&#038;color=red&#038;controls=1&#038;\" class=\"__youtube_prefs__  epyt-is-override  no-lazyload\" title=\"YouTube player\"  allow=\"fullscreen; accelerometer; autoplay; clipboard-write; encrypted-media; gyroscope; picture-in-picture\" allowfullscreen data-no-lazy=\"1\" data-skipgform_ajax_framebjll=\"\"><\/iframe>\n<\/div><\/figure>\n\n\n\n<p class=\"has-medium-font-size\">Site internet : <a href=\"https:\/\/www.alberisonori.com\/\">https:\/\/www.alberisonori.com\/<\/a><br>Cha\u00eene youtube : <a href=\"https:\/\/www.youtube.com\/@alberisonori9711\">https:\/\/www.youtube.com\/@alberisonori9711<\/a> <\/p>\n\n\n\n<p class=\"has-medium-font-size\">En journ\u00e9e le dimanche, le groupe animera un stage de danses d&rsquo;Italie de 13h00 \u00e0 15h00, et un stage de chants italiens de 13h00 \u00e0 16h00.<\/p>\n\n\n\n<p><\/p>\n","protected":false},"excerpt":{"rendered":"<p>[Attention, sur certains navigateurs (tels que Firefox) il arrive que les vid\u00e9os youtube embarqu\u00e9es sur cette page se d\u00e9clenchent parfois plusieurs ne m\u00eame temps, mettez alors sur pause pour lire tranquillement la page, ou utilisez un autre navigateur] Vendredi 22 mai A 21h00, salle Ouv\u00e8ze : La Sialyre Trio Le Duo Lachia &#8211; Qu\u00e9r\u00e9, qui [&hellip;]<\/p>\n","protected":false},"author":4,"featured_media":0,"parent":0,"menu_order":0,"comment_status":"closed","ping_status":"closed","template":"","meta":{"ocean_post_layout":"","ocean_both_sidebars_style":"","ocean_both_sidebars_content_width":0,"ocean_both_sidebars_sidebars_width":0,"ocean_sidebar":"","ocean_second_sidebar":"","ocean_disable_margins":"enable","ocean_add_body_class":"","ocean_shortcode_before_top_bar":"","ocean_shortcode_after_top_bar":"","ocean_shortcode_before_header":"","ocean_shortcode_after_header":"","ocean_has_shortcode":"","ocean_shortcode_after_title":"","ocean_shortcode_before_footer_widgets":"","ocean_shortcode_after_footer_widgets":"","ocean_shortcode_before_footer_bottom":"","ocean_shortcode_after_footer_bottom":"","ocean_display_top_bar":"default","ocean_display_header":"default","ocean_header_style":"","ocean_center_header_left_menu":"","ocean_custom_header_template":"","ocean_custom_logo":0,"ocean_custom_retina_logo":0,"ocean_custom_logo_max_width":0,"ocean_custom_logo_tablet_max_width":0,"ocean_custom_logo_mobile_max_width":0,"ocean_custom_logo_max_height":0,"ocean_custom_logo_tablet_max_height":0,"ocean_custom_logo_mobile_max_height":0,"ocean_header_custom_menu":"","ocean_menu_typo_font_family":"","ocean_menu_typo_font_subset":"","ocean_menu_typo_font_size":0,"ocean_menu_typo_font_size_tablet":0,"ocean_menu_typo_font_size_mobile":0,"ocean_menu_typo_font_size_unit":"px","ocean_menu_typo_font_weight":"","ocean_menu_typo_font_weight_tablet":"","ocean_menu_typo_font_weight_mobile":"","ocean_menu_typo_transform":"","ocean_menu_typo_transform_tablet":"","ocean_menu_typo_transform_mobile":"","ocean_menu_typo_line_height":0,"ocean_menu_typo_line_height_tablet":0,"ocean_menu_typo_line_height_mobile":0,"ocean_menu_typo_line_height_unit":"","ocean_menu_typo_spacing":0,"ocean_menu_typo_spacing_tablet":0,"ocean_menu_typo_spacing_mobile":0,"ocean_menu_typo_spacing_unit":"","ocean_menu_link_color":"","ocean_menu_link_color_hover":"","ocean_menu_link_color_active":"","ocean_menu_link_background":"","ocean_menu_link_hover_background":"","ocean_menu_link_active_background":"","ocean_menu_social_links_bg":"","ocean_menu_social_hover_links_bg":"","ocean_menu_social_links_color":"","ocean_menu_social_hover_links_color":"","ocean_disable_title":"default","ocean_disable_heading":"default","ocean_post_title":"","ocean_post_subheading":"","ocean_post_title_style":"","ocean_post_title_background_color":"","ocean_post_title_background":0,"ocean_post_title_bg_image_position":"","ocean_post_title_bg_image_attachment":"","ocean_post_title_bg_image_repeat":"","ocean_post_title_bg_image_size":"","ocean_post_title_height":0,"ocean_post_title_bg_overlay":0.5,"ocean_post_title_bg_overlay_color":"","ocean_disable_breadcrumbs":"default","ocean_breadcrumbs_color":"","ocean_breadcrumbs_separator_color":"","ocean_breadcrumbs_links_color":"","ocean_breadcrumbs_links_hover_color":"","ocean_display_footer_widgets":"default","ocean_display_footer_bottom":"default","ocean_custom_footer_template":"","footnotes":""},"categories":[75],"tags":[],"class_list":["post-3323","page","type-page","status-publish","hentry","category-tradardeche-2026","entry"],"_links":{"self":[{"href":"https:\/\/famdt-ardeche.fr\/wp\/wp-json\/wp\/v2\/pages\/3323","targetHints":{"allow":["GET"]}}],"collection":[{"href":"https:\/\/famdt-ardeche.fr\/wp\/wp-json\/wp\/v2\/pages"}],"about":[{"href":"https:\/\/famdt-ardeche.fr\/wp\/wp-json\/wp\/v2\/types\/page"}],"author":[{"embeddable":true,"href":"https:\/\/famdt-ardeche.fr\/wp\/wp-json\/wp\/v2\/users\/4"}],"replies":[{"embeddable":true,"href":"https:\/\/famdt-ardeche.fr\/wp\/wp-json\/wp\/v2\/comments?post=3323"}],"version-history":[{"count":13,"href":"https:\/\/famdt-ardeche.fr\/wp\/wp-json\/wp\/v2\/pages\/3323\/revisions"}],"predecessor-version":[{"id":3400,"href":"https:\/\/famdt-ardeche.fr\/wp\/wp-json\/wp\/v2\/pages\/3323\/revisions\/3400"}],"wp:attachment":[{"href":"https:\/\/famdt-ardeche.fr\/wp\/wp-json\/wp\/v2\/media?parent=3323"}],"wp:term":[{"taxonomy":"category","embeddable":true,"href":"https:\/\/famdt-ardeche.fr\/wp\/wp-json\/wp\/v2\/categories?post=3323"},{"taxonomy":"post_tag","embeddable":true,"href":"https:\/\/famdt-ardeche.fr\/wp\/wp-json\/wp\/v2\/tags?post=3323"}],"curies":[{"name":"wp","href":"https:\/\/api.w.org\/{rel}","templated":true}]}}