{"id":3058,"date":"2025-11-23T20:12:00","date_gmt":"2025-11-23T19:12:00","guid":{"rendered":"https:\/\/famdt-ardeche.fr\/wp\/?page_id=3058"},"modified":"2025-12-17T13:31:41","modified_gmt":"2025-12-17T12:31:41","slug":"vivarais-vivant-lappel-a-projets","status":"publish","type":"page","link":"https:\/\/famdt-ardeche.fr\/wp\/vivarais-vivant-lappel-a-projets\/","title":{"rendered":"VIVARAIS VIVANT : L&rsquo;appel \u00e0 projets"},"content":{"rendered":"<div class=\"wp-block-image\">\n<figure class=\"aligncenter size-full\"><img loading=\"lazy\" decoding=\"async\" width=\"500\" height=\"707\" src=\"https:\/\/famdt-ardeche.fr\/wp\/wp-content\/uploads\/2025\/10\/affiche_vivarais_vivant.jpg\" alt=\"\" class=\"wp-image-3211\" srcset=\"https:\/\/famdt-ardeche.fr\/wp\/wp-content\/uploads\/2025\/10\/affiche_vivarais_vivant.jpg 500w, https:\/\/famdt-ardeche.fr\/wp\/wp-content\/uploads\/2025\/10\/affiche_vivarais_vivant-212x300.jpg 212w\" sizes=\"auto, (max-width: 500px) 100vw, 500px\" \/><\/figure><\/div>\n\n\n<p class=\"has-medium-font-size\">&nbsp;&nbsp;&nbsp;&nbsp;&nbsp;&nbsp;&nbsp;&nbsp;&nbsp;&nbsp;&nbsp;&nbsp;&nbsp; La FAMDTA, F\u00e9d\u00e9ration des Ateliers de Musique et Danses Traditionnelles d\u2019Ard\u00e8che, lance ici un appel \u00e0 projet aupr\u00e8s des formations amateures de son territoire en vue d\u2019inciter \u00e0 la r\u00e9appropriation et \u00e0 la diffusion du r\u00e9pertoire de chants et de musiques traditionnelles d\u2019Ard\u00e8che.<\/p>\n\n\n\n<p class=\"has-medium-font-size\">&nbsp;&nbsp;&nbsp;&nbsp;&nbsp;&nbsp;&nbsp;&nbsp;&nbsp;&nbsp;&nbsp;&nbsp;&nbsp; Les candidats sont invit\u00e9s \u00e0 proposer une interpr\u00e9tation d\u2019un th\u00e8me traditionnel ard\u00e9chois, qu\u2019il s\u2019agisse d\u2019une chanson ou d\u2019un th\u00e8me instrumental. Les formations s\u00e9lectionn\u00e9es b\u00e9n\u00e9ficieront de la possibilit\u00e9 d\u2019enregistrer sur un site embl\u00e9matique une vid\u00e9o de leur interpr\u00e9tation. Les vid\u00e9os issues du projet seront ensuite diffus\u00e9es sur les outils dont dispose la FAMDTA (site internet, cha\u00eene youtube, page Facebook, etc.) et pourront \u00eatre utilis\u00e9es par les formations pour leur propre communication.<br>Toutes les formations participantes pourront \u00eatre amen\u00e9es \u00e0 se produire lors d&rsquo;\u00e9v\u00e9nements organis\u00e9s par la FAMDTA  pour pr\u00e9senter leur morceau.<\/p>\n\n\n\n<p><strong><u>Descriptif<\/u><\/strong><\/p>\n\n\n\n<p><strong><em>Principe g\u00e9n\u00e9ral&nbsp;:<\/em><\/strong><\/p>\n\n\n\n<p class=\"has-medium-font-size\">Il s\u2019agit de d\u00e9finir un cadre de r\u00e9pertoire commun dans lequel piocher, et de proposer \u00e0 des formations locales de travailler un morceau pour le faire vivre \u00e0 leur mani\u00e8re. La FAMDTA financera \u2013 \u00e0 raison de 2 ou 3 projets par an \u2013 un enregistrement vid\u00e9o des versions retenues et les diffusera sur ses supports.<\/p>\n\n\n\n<p class=\"has-medium-font-size\">La vid\u00e9o sera enregistr\u00e9e dans un lieu d\u00e9fini d\u2019un commun accord entre la FAMDTA et les candidats s\u00e9lectionn\u00e9s. Il s\u2019agira \u00e0 cette occasion aussi de mettre en valeur certains sites patrimoniaux du d\u00e9partement, de pr\u00e9f\u00e9rence en lien avec le morceau choisi.<\/p>\n\n\n\n<p><strong><em>Qui peut candidater&nbsp;?<\/em><\/strong><\/p>\n\n\n\n<p class=\"has-medium-font-size\">Ce volant du projet est propos\u00e9 \u00e0 une diversit\u00e9 de situations qui ont comme point commun essentiel de relever d\u2019une pratique amateure.&nbsp; Il peut s\u2019agir de groupes de musique locaux, de chorales, d\u2019ateliers trad dans des \u00e9coles de musique, de cours de musique dans des \u00e9tablissements scolaires, etc\u2026.<\/p>\n\n\n\n<p class=\"has-medium-font-size\">En sus du caract\u00e8re amateur de la pratique, le deuxi\u00e8me crit\u00e8re d\u2019\u00e9ligibilit\u00e9 concerne le fait&nbsp; d\u2019avoir une adresse administrative en Ard\u00e8che, ou \u00e0 d\u00e9faut de relever formellement d\u2019une association membre de la FAMDTA.<\/p>\n\n\n\n<p><strong><em>Le r\u00e9pertoire&nbsp;:<\/em><\/strong><\/p>\n\n\n\n<p class=\"has-medium-font-size\">Le r\u00e9pertoire dans lequel piocher est d\u00e9limit\u00e9 par \u00a0: les morceaux (chansons ou pi\u00e8ces musicales) \u00e0 r\u00e9interpr\u00e9ter doivent \u00eatre pioch\u00e9s dans un ensemble de ressources sp\u00e9cifiques dont la liste est consign\u00e9e sur le site de la FAMDTA \u00e0 cette adresse\u00a0:<br><a href=\"https:\/\/famdt-ardeche.fr\/wp\/vivarais-vivant-ressources-ou-piocher\/\">https:\/\/famdt-ardeche.fr\/wp\/vivarais-vivant-ressources-ou-piocher\/<\/a> <br><\/p>\n\n\n\n<p><strong><em>Comment candidater&nbsp;?<\/em><\/strong><\/p>\n\n\n\n<p class=\"has-medium-font-size\">Pour pr\u00e9senter sa candidature, il est n\u00e9cessaire de remplir le formulaire ci-dessous et de le renvoyer \u00e0 la FAMDTA (famdta@famdt-ardeche.fr) , accompagn\u00e9 d\u2019un enregistrement sonore qui illustre le projet. Il n\u2019est pas n\u00e9cessaire de pr\u00e9senter un enregistrement d\u2019une qualit\u00e9 sonore optimale qui fixerait d\u00e9finitivement les arrangements, mais il doit permettre au jury de se rendre compte de vos choix esth\u00e9tiques et de votre traitement du morceau choisi, en lien avec ce qui est annonc\u00e9 sur le formulaire.<\/p>\n\n\n\n<p><strong><em>Le calendrier et les s\u00e9lections<\/em><\/strong><\/p>\n\n\n\n<ul class=\"wp-block-list\">\n<li class=\"has-medium-font-size\"><em>Date limite de pr\u00e9sentation des projets<\/em>&nbsp;: Dimanche 3 mai.<\/li>\n\n\n\n<li class=\"has-medium-font-size\"><em>Annonce du choix des candidatures retenues<\/em>&nbsp;: Le dimanche 24 mai, lors du festival Tradard\u00e8che.<\/li>\n\n\n\n<li class=\"has-medium-font-size\"><em>Enregistrement des vid\u00e9os dans les mois qui suivent, <\/em>selon un planning d\u00e9fini avec les formations choisies en fonction de l\u2019avancement de leur projet et de leurs disponibilit\u00e9s.<\/li>\n<\/ul>\n\n\n\n<p class=\"has-medium-font-size\">Le jury de s\u00e9lection des 3 projets retenus associera des membres de la FAMDTA \u00e0 des partenaires de l\u2019association (r\u00e9seaux dont la F\u00e9d\u00e9ration est membre, associations \u00e9quivalentes dans des zones voisines, etc.).<\/p>\n\n\n\n<p class=\"has-medium-font-size\">Si un(e) membre de la FAMDTA fait partie d\u2019une formation qui pr\u00e9sente un projet, iel ne pourra pas faire partie du jury.<\/p>\n\n\n\n<p>Le formulaire avec les infos \u00e0 envoyer \u00e0 famdta@famdt-ardeche.fr : <\/p>\n\n\n\n<p><strong><em>CANDIDATURE AU PROJET \u00ab&nbsp;VIVARAIS VIVANT&nbsp;\u00bb 2026<\/em><\/strong><\/p>\n\n\n\n<p class=\"has-medium-font-size\"><strong>NOM DE LA FORMATION CANDIDATE&nbsp;:<\/strong><\/p>\n\n\n\n<p class=\"has-medium-font-size\"><strong>ADRESSE&nbsp;:<\/strong><\/p>\n\n\n\n<p class=\"has-medium-font-size\"><strong>RESPONSABLE \/ CONTACT POUR LA FAMDTA&nbsp;: (Nom, fonction \u00e9ventuelle, mail et t\u00e9l\u00e9phone)&nbsp;:<\/strong><\/p>\n\n\n\n<p class=\"has-medium-font-size\"><strong>DESCRIPTIF DE LA FORMATION&nbsp;: (Ecole&nbsp;? Groupe&nbsp;? Chorale&nbsp;? Combien de personnes impliqu\u00e9es dans le projet&nbsp;? Quel instrumentarium&nbsp;? Etc.)<\/strong><\/p>\n\n\n\n<p class=\"has-medium-font-size\"><strong>PRESENTATION DE VOTRE PROJET&nbsp;:<\/strong><\/p>\n\n\n\n<p class=\"has-medium-font-size\"><strong>Id\u00e9es d\u2019informations \u00e0 fournir&nbsp;: Sur quel morceau allez-vous travailler&nbsp;? Pourquoi celui-l\u00e0&nbsp;? Quel traitement avez-vous choisi de lui donner, quelle approche va vous guider ?<\/strong><\/p>\n\n\n\n<p class=\"has-medium-font-size\"><strong>Avez-vous d\u00e9j\u00e0 des id\u00e9es pour la vid\u00e9o&nbsp;?&nbsp; Quel lieu&nbsp;? Quelle mise en sc\u00e8ne&nbsp;?<\/strong><\/p>\n\n\n\n<p class=\"has-medium-font-size\"><strong>Donnez le maximum d\u2019informations au jury.<\/strong><\/p>\n\n\n\n<p class=\"has-medium-font-size\"><strong>Les dossiers pr\u00e9sentant la coh\u00e9rence de la d\u00e9marche seront valoris\u00e9s.<\/strong><\/p>\n\n\n\n<p><\/p>\n","protected":false},"excerpt":{"rendered":"<p>&nbsp;&nbsp;&nbsp;&nbsp;&nbsp;&nbsp;&nbsp;&nbsp;&nbsp;&nbsp;&nbsp;&nbsp;&nbsp; La FAMDTA, F\u00e9d\u00e9ration des Ateliers de Musique et Danses Traditionnelles d\u2019Ard\u00e8che, lance ici un appel \u00e0 projet aupr\u00e8s des formations amateures de son territoire en vue d\u2019inciter \u00e0 la r\u00e9appropriation et \u00e0 la diffusion du r\u00e9pertoire de chants et de musiques traditionnelles d\u2019Ard\u00e8che. &nbsp;&nbsp;&nbsp;&nbsp;&nbsp;&nbsp;&nbsp;&nbsp;&nbsp;&nbsp;&nbsp;&nbsp;&nbsp; Les candidats sont invit\u00e9s \u00e0 proposer une interpr\u00e9tation d\u2019un th\u00e8me [&hellip;]<\/p>\n","protected":false},"author":4,"featured_media":3211,"parent":0,"menu_order":0,"comment_status":"closed","ping_status":"closed","template":"","meta":{"ocean_post_layout":"","ocean_both_sidebars_style":"","ocean_both_sidebars_content_width":0,"ocean_both_sidebars_sidebars_width":0,"ocean_sidebar":"","ocean_second_sidebar":"","ocean_disable_margins":"enable","ocean_add_body_class":"","ocean_shortcode_before_top_bar":"","ocean_shortcode_after_top_bar":"","ocean_shortcode_before_header":"","ocean_shortcode_after_header":"","ocean_has_shortcode":"","ocean_shortcode_after_title":"","ocean_shortcode_before_footer_widgets":"","ocean_shortcode_after_footer_widgets":"","ocean_shortcode_before_footer_bottom":"","ocean_shortcode_after_footer_bottom":"","ocean_display_top_bar":"default","ocean_display_header":"default","ocean_header_style":"","ocean_center_header_left_menu":"","ocean_custom_header_template":"","ocean_custom_logo":0,"ocean_custom_retina_logo":0,"ocean_custom_logo_max_width":0,"ocean_custom_logo_tablet_max_width":0,"ocean_custom_logo_mobile_max_width":0,"ocean_custom_logo_max_height":0,"ocean_custom_logo_tablet_max_height":0,"ocean_custom_logo_mobile_max_height":0,"ocean_header_custom_menu":"","ocean_menu_typo_font_family":"","ocean_menu_typo_font_subset":"","ocean_menu_typo_font_size":0,"ocean_menu_typo_font_size_tablet":0,"ocean_menu_typo_font_size_mobile":0,"ocean_menu_typo_font_size_unit":"px","ocean_menu_typo_font_weight":"","ocean_menu_typo_font_weight_tablet":"","ocean_menu_typo_font_weight_mobile":"","ocean_menu_typo_transform":"","ocean_menu_typo_transform_tablet":"","ocean_menu_typo_transform_mobile":"","ocean_menu_typo_line_height":0,"ocean_menu_typo_line_height_tablet":0,"ocean_menu_typo_line_height_mobile":0,"ocean_menu_typo_line_height_unit":"","ocean_menu_typo_spacing":0,"ocean_menu_typo_spacing_tablet":0,"ocean_menu_typo_spacing_mobile":0,"ocean_menu_typo_spacing_unit":"","ocean_menu_link_color":"","ocean_menu_link_color_hover":"","ocean_menu_link_color_active":"","ocean_menu_link_background":"","ocean_menu_link_hover_background":"","ocean_menu_link_active_background":"","ocean_menu_social_links_bg":"","ocean_menu_social_hover_links_bg":"","ocean_menu_social_links_color":"","ocean_menu_social_hover_links_color":"","ocean_disable_title":"default","ocean_disable_heading":"default","ocean_post_title":"","ocean_post_subheading":"","ocean_post_title_style":"","ocean_post_title_background_color":"","ocean_post_title_background":0,"ocean_post_title_bg_image_position":"","ocean_post_title_bg_image_attachment":"","ocean_post_title_bg_image_repeat":"","ocean_post_title_bg_image_size":"","ocean_post_title_height":0,"ocean_post_title_bg_overlay":0.5,"ocean_post_title_bg_overlay_color":"","ocean_disable_breadcrumbs":"default","ocean_breadcrumbs_color":"","ocean_breadcrumbs_separator_color":"","ocean_breadcrumbs_links_color":"","ocean_breadcrumbs_links_hover_color":"","ocean_display_footer_widgets":"default","ocean_display_footer_bottom":"default","ocean_custom_footer_template":"","footnotes":""},"categories":[66],"tags":[],"class_list":["post-3058","page","type-page","status-publish","has-post-thumbnail","hentry","category-projets-vivarais-vivant","entry","has-media"],"_links":{"self":[{"href":"https:\/\/famdt-ardeche.fr\/wp\/wp-json\/wp\/v2\/pages\/3058","targetHints":{"allow":["GET"]}}],"collection":[{"href":"https:\/\/famdt-ardeche.fr\/wp\/wp-json\/wp\/v2\/pages"}],"about":[{"href":"https:\/\/famdt-ardeche.fr\/wp\/wp-json\/wp\/v2\/types\/page"}],"author":[{"embeddable":true,"href":"https:\/\/famdt-ardeche.fr\/wp\/wp-json\/wp\/v2\/users\/4"}],"replies":[{"embeddable":true,"href":"https:\/\/famdt-ardeche.fr\/wp\/wp-json\/wp\/v2\/comments?post=3058"}],"version-history":[{"count":4,"href":"https:\/\/famdt-ardeche.fr\/wp\/wp-json\/wp\/v2\/pages\/3058\/revisions"}],"predecessor-version":[{"id":3296,"href":"https:\/\/famdt-ardeche.fr\/wp\/wp-json\/wp\/v2\/pages\/3058\/revisions\/3296"}],"wp:featuredmedia":[{"embeddable":true,"href":"https:\/\/famdt-ardeche.fr\/wp\/wp-json\/wp\/v2\/media\/3211"}],"wp:attachment":[{"href":"https:\/\/famdt-ardeche.fr\/wp\/wp-json\/wp\/v2\/media?parent=3058"}],"wp:term":[{"taxonomy":"category","embeddable":true,"href":"https:\/\/famdt-ardeche.fr\/wp\/wp-json\/wp\/v2\/categories?post=3058"},{"taxonomy":"post_tag","embeddable":true,"href":"https:\/\/famdt-ardeche.fr\/wp\/wp-json\/wp\/v2\/tags?post=3058"}],"curies":[{"name":"wp","href":"https:\/\/api.w.org\/{rel}","templated":true}]}}