{"id":2761,"date":"2025-05-13T16:10:10","date_gmt":"2025-05-13T14:10:10","guid":{"rendered":"https:\/\/famdt-ardeche.fr\/wp\/?page_id=2761"},"modified":"2025-10-23T18:05:26","modified_gmt":"2025-10-23T16:05:26","slug":"la-soiree-la-croisee-des-chants-en-images","status":"publish","type":"page","link":"https:\/\/famdt-ardeche.fr\/wp\/la-soiree-la-croisee-des-chants-en-images\/","title":{"rendered":"La soir\u00e9e \u00ab\u00a0La crois\u00e9e des chants\u00a0\u00bb en images."},"content":{"rendered":"\n<p class=\"has-medium-font-size\">Dimanche 11 mai s&rsquo;est tenue \u00e0 Veyras une apr\u00e8s-midi de restitution des deux phases du projet de \u00ab\u00a0Chants du patrimoine\u00a0\u00bb port\u00e9 par la Famdta depuis 2023, sous la direction de Patrick Partouche puis d&rsquo;Agn\u00e8s Clauzel. <br>En voici un petit compte rendu en images. <\/p>\n\n\n\n<figure class=\"wp-block-image size-large\"><img loading=\"lazy\" decoding=\"async\" width=\"724\" height=\"1024\" src=\"https:\/\/famdt-ardeche.fr\/wp\/wp-content\/uploads\/2025\/04\/La-croisee-des-chants_famda_v8-724x1024.jpg\" alt=\"\" class=\"wp-image-2733\" srcset=\"https:\/\/famdt-ardeche.fr\/wp\/wp-content\/uploads\/2025\/04\/La-croisee-des-chants_famda_v8-724x1024.jpg 724w, https:\/\/famdt-ardeche.fr\/wp\/wp-content\/uploads\/2025\/04\/La-croisee-des-chants_famda_v8-212x300.jpg 212w, https:\/\/famdt-ardeche.fr\/wp\/wp-content\/uploads\/2025\/04\/La-croisee-des-chants_famda_v8-768x1086.jpg 768w, https:\/\/famdt-ardeche.fr\/wp\/wp-content\/uploads\/2025\/04\/La-croisee-des-chants_famda_v8-1086x1536.jpg 1086w, https:\/\/famdt-ardeche.fr\/wp\/wp-content\/uploads\/2025\/04\/La-croisee-des-chants_famda_v8-1448x2048.jpg 1448w, https:\/\/famdt-ardeche.fr\/wp\/wp-content\/uploads\/2025\/04\/La-croisee-des-chants_famda_v8-scaled.jpg 1810w\" sizes=\"auto, (max-width: 724px) 100vw, 724px\" \/><\/figure>\n\n\n\n<figure class=\"wp-block-image size-large\"><img loading=\"lazy\" decoding=\"async\" width=\"1024\" height=\"768\" src=\"https:\/\/famdt-ardeche.fr\/wp\/wp-content\/uploads\/2025\/05\/20250511_151726-1024x768.jpg\" alt=\"\" class=\"wp-image-2762\" srcset=\"https:\/\/famdt-ardeche.fr\/wp\/wp-content\/uploads\/2025\/05\/20250511_151726-1024x768.jpg 1024w, https:\/\/famdt-ardeche.fr\/wp\/wp-content\/uploads\/2025\/05\/20250511_151726-300x225.jpg 300w, https:\/\/famdt-ardeche.fr\/wp\/wp-content\/uploads\/2025\/05\/20250511_151726-768x576.jpg 768w, https:\/\/famdt-ardeche.fr\/wp\/wp-content\/uploads\/2025\/05\/20250511_151726-1536x1152.jpg 1536w, https:\/\/famdt-ardeche.fr\/wp\/wp-content\/uploads\/2025\/05\/20250511_151726-2048x1536.jpg 2048w\" sizes=\"auto, (max-width: 1024px) 100vw, 1024px\" \/><\/figure>\n\n\n\n<figure class=\"wp-block-image size-large\"><img loading=\"lazy\" decoding=\"async\" width=\"1024\" height=\"768\" src=\"https:\/\/famdt-ardeche.fr\/wp\/wp-content\/uploads\/2025\/05\/20250511_152917-1024x768.jpg\" alt=\"\" class=\"wp-image-2763\" srcset=\"https:\/\/famdt-ardeche.fr\/wp\/wp-content\/uploads\/2025\/05\/20250511_152917-1024x768.jpg 1024w, https:\/\/famdt-ardeche.fr\/wp\/wp-content\/uploads\/2025\/05\/20250511_152917-300x225.jpg 300w, https:\/\/famdt-ardeche.fr\/wp\/wp-content\/uploads\/2025\/05\/20250511_152917-768x576.jpg 768w, https:\/\/famdt-ardeche.fr\/wp\/wp-content\/uploads\/2025\/05\/20250511_152917-1536x1152.jpg 1536w, https:\/\/famdt-ardeche.fr\/wp\/wp-content\/uploads\/2025\/05\/20250511_152917-2048x1536.jpg 2048w\" sizes=\"auto, (max-width: 1024px) 100vw, 1024px\" \/><\/figure>\n\n\n\n<figure class=\"wp-block-image size-large\"><img loading=\"lazy\" decoding=\"async\" width=\"1024\" height=\"768\" src=\"https:\/\/famdt-ardeche.fr\/wp\/wp-content\/uploads\/2025\/05\/20250511_153755-1024x768.jpg\" alt=\"\" class=\"wp-image-2768\" srcset=\"https:\/\/famdt-ardeche.fr\/wp\/wp-content\/uploads\/2025\/05\/20250511_153755-1024x768.jpg 1024w, https:\/\/famdt-ardeche.fr\/wp\/wp-content\/uploads\/2025\/05\/20250511_153755-300x225.jpg 300w, https:\/\/famdt-ardeche.fr\/wp\/wp-content\/uploads\/2025\/05\/20250511_153755-768x576.jpg 768w, https:\/\/famdt-ardeche.fr\/wp\/wp-content\/uploads\/2025\/05\/20250511_153755-1536x1152.jpg 1536w, https:\/\/famdt-ardeche.fr\/wp\/wp-content\/uploads\/2025\/05\/20250511_153755-2048x1536.jpg 2048w\" sizes=\"auto, (max-width: 1024px) 100vw, 1024px\" \/><\/figure>\n\n\n\n<figure class=\"wp-block-image size-large\"><img loading=\"lazy\" decoding=\"async\" width=\"1024\" height=\"768\" src=\"https:\/\/famdt-ardeche.fr\/wp\/wp-content\/uploads\/2025\/05\/20250511_153814-1024x768.jpg\" alt=\"\" class=\"wp-image-2764\" srcset=\"https:\/\/famdt-ardeche.fr\/wp\/wp-content\/uploads\/2025\/05\/20250511_153814-1024x768.jpg 1024w, https:\/\/famdt-ardeche.fr\/wp\/wp-content\/uploads\/2025\/05\/20250511_153814-300x225.jpg 300w, https:\/\/famdt-ardeche.fr\/wp\/wp-content\/uploads\/2025\/05\/20250511_153814-768x576.jpg 768w, https:\/\/famdt-ardeche.fr\/wp\/wp-content\/uploads\/2025\/05\/20250511_153814-1536x1152.jpg 1536w, https:\/\/famdt-ardeche.fr\/wp\/wp-content\/uploads\/2025\/05\/20250511_153814-2048x1536.jpg 2048w\" sizes=\"auto, (max-width: 1024px) 100vw, 1024px\" \/><\/figure>\n\n\n\n<figure class=\"wp-block-image size-large\"><img loading=\"lazy\" decoding=\"async\" width=\"1024\" height=\"768\" src=\"https:\/\/famdt-ardeche.fr\/wp\/wp-content\/uploads\/2025\/05\/20250511_154804-1024x768.jpg\" alt=\"\" class=\"wp-image-2769\" srcset=\"https:\/\/famdt-ardeche.fr\/wp\/wp-content\/uploads\/2025\/05\/20250511_154804-1024x768.jpg 1024w, https:\/\/famdt-ardeche.fr\/wp\/wp-content\/uploads\/2025\/05\/20250511_154804-300x225.jpg 300w, https:\/\/famdt-ardeche.fr\/wp\/wp-content\/uploads\/2025\/05\/20250511_154804-768x576.jpg 768w, https:\/\/famdt-ardeche.fr\/wp\/wp-content\/uploads\/2025\/05\/20250511_154804-1536x1152.jpg 1536w, https:\/\/famdt-ardeche.fr\/wp\/wp-content\/uploads\/2025\/05\/20250511_154804-2048x1536.jpg 2048w\" sizes=\"auto, (max-width: 1024px) 100vw, 1024px\" \/><\/figure>\n\n\n\n<figure class=\"wp-block-image size-large\"><img loading=\"lazy\" decoding=\"async\" width=\"1024\" height=\"768\" src=\"https:\/\/famdt-ardeche.fr\/wp\/wp-content\/uploads\/2025\/05\/20250511_160155-1024x768.jpg\" alt=\"\" class=\"wp-image-2765\" srcset=\"https:\/\/famdt-ardeche.fr\/wp\/wp-content\/uploads\/2025\/05\/20250511_160155-1024x768.jpg 1024w, https:\/\/famdt-ardeche.fr\/wp\/wp-content\/uploads\/2025\/05\/20250511_160155-300x225.jpg 300w, https:\/\/famdt-ardeche.fr\/wp\/wp-content\/uploads\/2025\/05\/20250511_160155-768x576.jpg 768w, https:\/\/famdt-ardeche.fr\/wp\/wp-content\/uploads\/2025\/05\/20250511_160155-1536x1152.jpg 1536w, https:\/\/famdt-ardeche.fr\/wp\/wp-content\/uploads\/2025\/05\/20250511_160155-2048x1536.jpg 2048w\" sizes=\"auto, (max-width: 1024px) 100vw, 1024px\" \/><\/figure>\n\n\n\n<figure class=\"wp-block-image size-large\"><img loading=\"lazy\" decoding=\"async\" width=\"1024\" height=\"768\" src=\"https:\/\/famdt-ardeche.fr\/wp\/wp-content\/uploads\/2025\/05\/20250511_173122-1024x768.jpg\" alt=\"\" class=\"wp-image-2767\" srcset=\"https:\/\/famdt-ardeche.fr\/wp\/wp-content\/uploads\/2025\/05\/20250511_173122-1024x768.jpg 1024w, https:\/\/famdt-ardeche.fr\/wp\/wp-content\/uploads\/2025\/05\/20250511_173122-300x225.jpg 300w, https:\/\/famdt-ardeche.fr\/wp\/wp-content\/uploads\/2025\/05\/20250511_173122-768x576.jpg 768w, https:\/\/famdt-ardeche.fr\/wp\/wp-content\/uploads\/2025\/05\/20250511_173122-1536x1152.jpg 1536w, https:\/\/famdt-ardeche.fr\/wp\/wp-content\/uploads\/2025\/05\/20250511_173122-2048x1536.jpg 2048w\" sizes=\"auto, (max-width: 1024px) 100vw, 1024px\" \/><\/figure>\n\n\n\n<figure class=\"wp-block-image size-large\"><img loading=\"lazy\" decoding=\"async\" width=\"1024\" height=\"768\" src=\"https:\/\/famdt-ardeche.fr\/wp\/wp-content\/uploads\/2025\/05\/20250511_173147-1024x768.jpg\" alt=\"\" class=\"wp-image-2766\" srcset=\"https:\/\/famdt-ardeche.fr\/wp\/wp-content\/uploads\/2025\/05\/20250511_173147-1024x768.jpg 1024w, https:\/\/famdt-ardeche.fr\/wp\/wp-content\/uploads\/2025\/05\/20250511_173147-300x225.jpg 300w, https:\/\/famdt-ardeche.fr\/wp\/wp-content\/uploads\/2025\/05\/20250511_173147-768x576.jpg 768w, https:\/\/famdt-ardeche.fr\/wp\/wp-content\/uploads\/2025\/05\/20250511_173147-1536x1152.jpg 1536w, https:\/\/famdt-ardeche.fr\/wp\/wp-content\/uploads\/2025\/05\/20250511_173147-2048x1536.jpg 2048w\" sizes=\"auto, (max-width: 1024px) 100vw, 1024px\" \/><\/figure>\n\n\n\n<p>Les audios et vid\u00e9os sont ici : <a href=\"https:\/\/cloud.famdt-ardeche.fr\/index.php\/s\/La_Croisee_des_Chants\">https:\/\/cloud.famdt-ardeche.fr\/index.php\/s\/La_Croisee_des_Chants<\/a><\/p>\n\n\n\n<p><\/p>\n","protected":false},"excerpt":{"rendered":"<p>Dimanche 11 mai s&rsquo;est tenue \u00e0 Veyras une apr\u00e8s-midi de restitution des deux phases du projet de \u00ab\u00a0Chants du patrimoine\u00a0\u00bb port\u00e9 par la Famdta depuis 2023, sous la direction de Patrick Partouche puis d&rsquo;Agn\u00e8s Clauzel. En voici un petit compte rendu en images. Les audios et vid\u00e9os sont ici : https:\/\/cloud.famdt-ardeche.fr\/index.php\/s\/La_Croisee_des_Chants<\/p>\n","protected":false},"author":4,"featured_media":0,"parent":0,"menu_order":0,"comment_status":"closed","ping_status":"closed","template":"","meta":{"ocean_post_layout":"","ocean_both_sidebars_style":"","ocean_both_sidebars_content_width":0,"ocean_both_sidebars_sidebars_width":0,"ocean_sidebar":"","ocean_second_sidebar":"","ocean_disable_margins":"enable","ocean_add_body_class":"","ocean_shortcode_before_top_bar":"","ocean_shortcode_after_top_bar":"","ocean_shortcode_before_header":"","ocean_shortcode_after_header":"","ocean_has_shortcode":"","ocean_shortcode_after_title":"","ocean_shortcode_before_footer_widgets":"","ocean_shortcode_after_footer_widgets":"","ocean_shortcode_before_footer_bottom":"","ocean_shortcode_after_footer_bottom":"","ocean_display_top_bar":"default","ocean_display_header":"default","ocean_header_style":"","ocean_center_header_left_menu":"","ocean_custom_header_template":"","ocean_custom_logo":0,"ocean_custom_retina_logo":0,"ocean_custom_logo_max_width":0,"ocean_custom_logo_tablet_max_width":0,"ocean_custom_logo_mobile_max_width":0,"ocean_custom_logo_max_height":0,"ocean_custom_logo_tablet_max_height":0,"ocean_custom_logo_mobile_max_height":0,"ocean_header_custom_menu":"","ocean_menu_typo_font_family":"","ocean_menu_typo_font_subset":"","ocean_menu_typo_font_size":0,"ocean_menu_typo_font_size_tablet":0,"ocean_menu_typo_font_size_mobile":0,"ocean_menu_typo_font_size_unit":"px","ocean_menu_typo_font_weight":"","ocean_menu_typo_font_weight_tablet":"","ocean_menu_typo_font_weight_mobile":"","ocean_menu_typo_transform":"","ocean_menu_typo_transform_tablet":"","ocean_menu_typo_transform_mobile":"","ocean_menu_typo_line_height":0,"ocean_menu_typo_line_height_tablet":0,"ocean_menu_typo_line_height_mobile":0,"ocean_menu_typo_line_height_unit":"","ocean_menu_typo_spacing":0,"ocean_menu_typo_spacing_tablet":0,"ocean_menu_typo_spacing_mobile":0,"ocean_menu_typo_spacing_unit":"","ocean_menu_link_color":"","ocean_menu_link_color_hover":"","ocean_menu_link_color_active":"","ocean_menu_link_background":"","ocean_menu_link_hover_background":"","ocean_menu_link_active_background":"","ocean_menu_social_links_bg":"","ocean_menu_social_hover_links_bg":"","ocean_menu_social_links_color":"","ocean_menu_social_hover_links_color":"","ocean_disable_title":"default","ocean_disable_heading":"default","ocean_post_title":"","ocean_post_subheading":"","ocean_post_title_style":"","ocean_post_title_background_color":"","ocean_post_title_background":0,"ocean_post_title_bg_image_position":"","ocean_post_title_bg_image_attachment":"","ocean_post_title_bg_image_repeat":"","ocean_post_title_bg_image_size":"","ocean_post_title_height":0,"ocean_post_title_bg_overlay":0.5,"ocean_post_title_bg_overlay_color":"","ocean_disable_breadcrumbs":"default","ocean_breadcrumbs_color":"","ocean_breadcrumbs_separator_color":"","ocean_breadcrumbs_links_color":"","ocean_breadcrumbs_links_hover_color":"","ocean_display_footer_widgets":"default","ocean_display_footer_bottom":"default","ocean_custom_footer_template":"","footnotes":""},"categories":[57],"tags":[],"class_list":["post-2761","page","type-page","status-publish","hentry","category-archives-projets","entry"],"_links":{"self":[{"href":"https:\/\/famdt-ardeche.fr\/wp\/wp-json\/wp\/v2\/pages\/2761","targetHints":{"allow":["GET"]}}],"collection":[{"href":"https:\/\/famdt-ardeche.fr\/wp\/wp-json\/wp\/v2\/pages"}],"about":[{"href":"https:\/\/famdt-ardeche.fr\/wp\/wp-json\/wp\/v2\/types\/page"}],"author":[{"embeddable":true,"href":"https:\/\/famdt-ardeche.fr\/wp\/wp-json\/wp\/v2\/users\/4"}],"replies":[{"embeddable":true,"href":"https:\/\/famdt-ardeche.fr\/wp\/wp-json\/wp\/v2\/comments?post=2761"}],"version-history":[{"count":2,"href":"https:\/\/famdt-ardeche.fr\/wp\/wp-json\/wp\/v2\/pages\/2761\/revisions"}],"predecessor-version":[{"id":2775,"href":"https:\/\/famdt-ardeche.fr\/wp\/wp-json\/wp\/v2\/pages\/2761\/revisions\/2775"}],"wp:attachment":[{"href":"https:\/\/famdt-ardeche.fr\/wp\/wp-json\/wp\/v2\/media?parent=2761"}],"wp:term":[{"taxonomy":"category","embeddable":true,"href":"https:\/\/famdt-ardeche.fr\/wp\/wp-json\/wp\/v2\/categories?post=2761"},{"taxonomy":"post_tag","embeddable":true,"href":"https:\/\/famdt-ardeche.fr\/wp\/wp-json\/wp\/v2\/tags?post=2761"}],"curies":[{"name":"wp","href":"https:\/\/api.w.org\/{rel}","templated":true}]}}