{"id":2419,"date":"2024-12-25T18:54:50","date_gmt":"2024-12-25T17:54:50","guid":{"rendered":"https:\/\/famdt-ardeche.fr\/wp\/?page_id=2419"},"modified":"2025-02-10T10:02:53","modified_gmt":"2025-02-10T09:02:53","slug":"soiree-trad-et-swing-8-fevrier-2025","status":"publish","type":"page","link":"https:\/\/famdt-ardeche.fr\/wp\/soiree-trad-et-swing-8-fevrier-2025\/","title":{"rendered":"AG FAMDTA  et Soir\u00e9e Trad et  Swing 8 f\u00e9vrier 2025"},"content":{"rendered":"\n<p class=\"has-medium-font-size\">AG de la FAMDTA de 10h \u00e0 13h Salle du Triolet \u00e0 Chom\u00e9rac.<\/p>\n\n\n\n<p class=\"has-medium-font-size\">qui sera suivie par :<\/p>\n\n\n\n<figure class=\"wp-block-image size-large\"><img loading=\"lazy\" decoding=\"async\" width=\"724\" height=\"1024\" src=\"https:\/\/famdt-ardeche.fr\/wp\/wp-content\/uploads\/2024\/12\/Visuel-Trad-et-swing_V2-724x1024.png\" alt=\"\" class=\"wp-image-2420\" srcset=\"https:\/\/famdt-ardeche.fr\/wp\/wp-content\/uploads\/2024\/12\/Visuel-Trad-et-swing_V2-724x1024.png 724w, https:\/\/famdt-ardeche.fr\/wp\/wp-content\/uploads\/2024\/12\/Visuel-Trad-et-swing_V2-212x300.png 212w, https:\/\/famdt-ardeche.fr\/wp\/wp-content\/uploads\/2024\/12\/Visuel-Trad-et-swing_V2-768x1086.png 768w, https:\/\/famdt-ardeche.fr\/wp\/wp-content\/uploads\/2024\/12\/Visuel-Trad-et-swing_V2-1086x1536.png 1086w, https:\/\/famdt-ardeche.fr\/wp\/wp-content\/uploads\/2024\/12\/Visuel-Trad-et-swing_V2.png 1240w\" sizes=\"auto, (max-width: 724px) 100vw, 724px\" \/><\/figure>\n\n\n\n<p class=\"has-medium-font-size\">ATTENTION : Le stage de l&rsquo;apr\u00e8s-midi est COMPLET. Vous pouvez \u00e9ventuellement nous envoyer un message pour \u00eatre sur liste d&rsquo;attente, au cas o\u00f9 il y ait des d\u00e9sistements de derni\u00e8re minute. <br>Pour le bal du soir, la pr\u00e9-vente est termin\u00e9e, les entr\u00e9es se prennent sur place.<\/p>\n\n\n\n<p class=\"has-medium-font-size\"><strong><em>Renseignements<\/em><\/strong> : <a href=\"mailto:famdta@famdt-ardeche.fr\">famdta@famdt-ardeche.fr<\/a><\/p>\n\n\n\n<p><\/p>\n","protected":false},"excerpt":{"rendered":"<p>AG de la FAMDTA de 10h \u00e0 13h Salle du Triolet \u00e0 Chom\u00e9rac. qui sera suivie par : ATTENTION : Le stage de l&rsquo;apr\u00e8s-midi est COMPLET. Vous pouvez \u00e9ventuellement nous envoyer un message pour \u00eatre sur liste d&rsquo;attente, au cas o\u00f9 il y ait des d\u00e9sistements de derni\u00e8re minute. Pour le bal du soir, la [&hellip;]<\/p>\n","protected":false},"author":2,"featured_media":0,"parent":0,"menu_order":0,"comment_status":"closed","ping_status":"closed","template":"","meta":{"ocean_post_layout":"","ocean_both_sidebars_style":"","ocean_both_sidebars_content_width":0,"ocean_both_sidebars_sidebars_width":0,"ocean_sidebar":"","ocean_second_sidebar":"","ocean_disable_margins":"enable","ocean_add_body_class":"","ocean_shortcode_before_top_bar":"","ocean_shortcode_after_top_bar":"","ocean_shortcode_before_header":"","ocean_shortcode_after_header":"","ocean_has_shortcode":"","ocean_shortcode_after_title":"","ocean_shortcode_before_footer_widgets":"","ocean_shortcode_after_footer_widgets":"","ocean_shortcode_before_footer_bottom":"","ocean_shortcode_after_footer_bottom":"","ocean_display_top_bar":"default","ocean_display_header":"default","ocean_header_style":"","ocean_center_header_left_menu":"","ocean_custom_header_template":"","ocean_custom_logo":0,"ocean_custom_retina_logo":0,"ocean_custom_logo_max_width":0,"ocean_custom_logo_tablet_max_width":0,"ocean_custom_logo_mobile_max_width":0,"ocean_custom_logo_max_height":0,"ocean_custom_logo_tablet_max_height":0,"ocean_custom_logo_mobile_max_height":0,"ocean_header_custom_menu":"","ocean_menu_typo_font_family":"","ocean_menu_typo_font_subset":"","ocean_menu_typo_font_size":0,"ocean_menu_typo_font_size_tablet":0,"ocean_menu_typo_font_size_mobile":0,"ocean_menu_typo_font_size_unit":"px","ocean_menu_typo_font_weight":"","ocean_menu_typo_font_weight_tablet":"","ocean_menu_typo_font_weight_mobile":"","ocean_menu_typo_transform":"","ocean_menu_typo_transform_tablet":"","ocean_menu_typo_transform_mobile":"","ocean_menu_typo_line_height":0,"ocean_menu_typo_line_height_tablet":0,"ocean_menu_typo_line_height_mobile":0,"ocean_menu_typo_line_height_unit":"","ocean_menu_typo_spacing":0,"ocean_menu_typo_spacing_tablet":0,"ocean_menu_typo_spacing_mobile":0,"ocean_menu_typo_spacing_unit":"","ocean_menu_link_color":"","ocean_menu_link_color_hover":"","ocean_menu_link_color_active":"","ocean_menu_link_background":"","ocean_menu_link_hover_background":"","ocean_menu_link_active_background":"","ocean_menu_social_links_bg":"","ocean_menu_social_hover_links_bg":"","ocean_menu_social_links_color":"","ocean_menu_social_hover_links_color":"","ocean_disable_title":"default","ocean_disable_heading":"default","ocean_post_title":"","ocean_post_subheading":"","ocean_post_title_style":"","ocean_post_title_background_color":"","ocean_post_title_background":0,"ocean_post_title_bg_image_position":"","ocean_post_title_bg_image_attachment":"","ocean_post_title_bg_image_repeat":"","ocean_post_title_bg_image_size":"","ocean_post_title_height":0,"ocean_post_title_bg_overlay":0.5,"ocean_post_title_bg_overlay_color":"","ocean_disable_breadcrumbs":"default","ocean_breadcrumbs_color":"","ocean_breadcrumbs_separator_color":"","ocean_breadcrumbs_links_color":"","ocean_breadcrumbs_links_hover_color":"","ocean_display_footer_widgets":"default","ocean_display_footer_bottom":"default","ocean_custom_footer_template":"","footnotes":""},"categories":[67],"tags":[],"class_list":["post-2419","page","type-page","status-publish","hentry","category-ceux-que-vous-avez-rates","entry"],"_links":{"self":[{"href":"https:\/\/famdt-ardeche.fr\/wp\/wp-json\/wp\/v2\/pages\/2419","targetHints":{"allow":["GET"]}}],"collection":[{"href":"https:\/\/famdt-ardeche.fr\/wp\/wp-json\/wp\/v2\/pages"}],"about":[{"href":"https:\/\/famdt-ardeche.fr\/wp\/wp-json\/wp\/v2\/types\/page"}],"author":[{"embeddable":true,"href":"https:\/\/famdt-ardeche.fr\/wp\/wp-json\/wp\/v2\/users\/2"}],"replies":[{"embeddable":true,"href":"https:\/\/famdt-ardeche.fr\/wp\/wp-json\/wp\/v2\/comments?post=2419"}],"version-history":[{"count":6,"href":"https:\/\/famdt-ardeche.fr\/wp\/wp-json\/wp\/v2\/pages\/2419\/revisions"}],"predecessor-version":[{"id":2580,"href":"https:\/\/famdt-ardeche.fr\/wp\/wp-json\/wp\/v2\/pages\/2419\/revisions\/2580"}],"wp:attachment":[{"href":"https:\/\/famdt-ardeche.fr\/wp\/wp-json\/wp\/v2\/media?parent=2419"}],"wp:term":[{"taxonomy":"category","embeddable":true,"href":"https:\/\/famdt-ardeche.fr\/wp\/wp-json\/wp\/v2\/categories?post=2419"},{"taxonomy":"post_tag","embeddable":true,"href":"https:\/\/famdt-ardeche.fr\/wp\/wp-json\/wp\/v2\/tags?post=2419"}],"curies":[{"name":"wp","href":"https:\/\/api.w.org\/{rel}","templated":true}]}}