{"id":2004,"date":"2024-03-27T16:32:47","date_gmt":"2024-03-27T15:32:47","guid":{"rendered":"https:\/\/famdt-ardeche.fr\/wp\/?page_id=2004"},"modified":"2024-05-29T09:47:43","modified_gmt":"2024-05-29T07:47:43","slug":"bal-de-tempo-trad-a-ailhon-le-1e-mai-avec-remue-manege","status":"publish","type":"page","link":"https:\/\/famdt-ardeche.fr\/wp\/bal-de-tempo-trad-a-ailhon-le-1e-mai-avec-remue-manege\/","title":{"rendered":"Bal de Tempo-Trad&rsquo; \u00e0 Ailhon le 1e mai, avec Remue-Man\u00e8ge"},"content":{"rendered":"\n<p class=\"has-medium-font-size\">L&rsquo;association TEMPO&rsquo;TRAD AUBENAS organise un bal folk \u00e0 <strong>AILHON le mercredi 1er mai de 15 h \u00e0 19h <\/strong>\u00e0 la salle des f\u00eates <strong>espace Roger Naud<\/strong> .<br>C&rsquo;est le groupe <strong>REMUE MANEGE<\/strong> qui animera cet apr\u00e8s midi et vous invitera \u00e0 danser sur ses compositions et un r\u00e9pertoire de musiques traditionnelles, une grande vari\u00e9t\u00e9 de danses.<br>Le bal sera suivi d&rsquo;une auberge espagnole constitu\u00e9e des contributions de chacun.<\/p>\n\n\n\n<p>Contact : tempotradaubenas@laposte.net  <\/p>\n\n\n\n<figure class=\"wp-block-embed is-type-video is-provider-youtube wp-block-embed-youtube wp-embed-aspect-16-9 wp-has-aspect-ratio\"><div class=\"wp-block-embed__wrapper\">\n<iframe loading=\"lazy\"  style=\"display: block; margin: 0px auto;\"  id=\"_ytid_68991\"  width=\"800\" height=\"450\"  data-origwidth=\"800\" data-origheight=\"450\" src=\"https:\/\/www.youtube.com\/embed\/3O9zYKYBMcU?enablejsapi=1&#038;autoplay=1&#038;cc_load_policy=0&#038;cc_lang_pref=fr&#038;iv_load_policy=1&#038;loop=0&#038;modestbranding=0&#038;rel=1&#038;fs=1&#038;playsinline=0&#038;autohide=2&#038;theme=dark&#038;color=red&#038;controls=1&#038;\" class=\"__youtube_prefs__  epyt-is-override  no-lazyload\" title=\"YouTube player\"  allow=\"fullscreen; accelerometer; autoplay; clipboard-write; encrypted-media; gyroscope; picture-in-picture\" allowfullscreen data-no-lazy=\"1\" data-skipgform_ajax_framebjll=\"\"><\/iframe>\n<\/div><\/figure>\n\n\n\n<p class=\"has-medium-font-size\"><br><\/p>\n\n\n\n<p><\/p>\n","protected":false},"excerpt":{"rendered":"<p>L&rsquo;association TEMPO&rsquo;TRAD AUBENAS organise un bal folk \u00e0 AILHON le mercredi 1er mai de 15 h \u00e0 19h \u00e0 la salle des f\u00eates espace Roger Naud .C&rsquo;est le groupe REMUE MANEGE qui animera cet apr\u00e8s midi et vous invitera \u00e0 danser sur ses compositions et un r\u00e9pertoire de musiques traditionnelles, une grande vari\u00e9t\u00e9 de danses.Le [&hellip;]<\/p>\n","protected":false},"author":4,"featured_media":0,"parent":0,"menu_order":0,"comment_status":"closed","ping_status":"closed","template":"","meta":{"ocean_post_layout":"","ocean_both_sidebars_style":"","ocean_both_sidebars_content_width":0,"ocean_both_sidebars_sidebars_width":0,"ocean_sidebar":"","ocean_second_sidebar":"","ocean_disable_margins":"enable","ocean_add_body_class":"","ocean_shortcode_before_top_bar":"","ocean_shortcode_after_top_bar":"","ocean_shortcode_before_header":"","ocean_shortcode_after_header":"","ocean_has_shortcode":"","ocean_shortcode_after_title":"","ocean_shortcode_before_footer_widgets":"","ocean_shortcode_after_footer_widgets":"","ocean_shortcode_before_footer_bottom":"","ocean_shortcode_after_footer_bottom":"","ocean_display_top_bar":"default","ocean_display_header":"default","ocean_header_style":"","ocean_center_header_left_menu":"","ocean_custom_header_template":"","ocean_custom_logo":0,"ocean_custom_retina_logo":0,"ocean_custom_logo_max_width":0,"ocean_custom_logo_tablet_max_width":0,"ocean_custom_logo_mobile_max_width":0,"ocean_custom_logo_max_height":0,"ocean_custom_logo_tablet_max_height":0,"ocean_custom_logo_mobile_max_height":0,"ocean_header_custom_menu":"","ocean_menu_typo_font_family":"","ocean_menu_typo_font_subset":"","ocean_menu_typo_font_size":0,"ocean_menu_typo_font_size_tablet":0,"ocean_menu_typo_font_size_mobile":0,"ocean_menu_typo_font_size_unit":"px","ocean_menu_typo_font_weight":"","ocean_menu_typo_font_weight_tablet":"","ocean_menu_typo_font_weight_mobile":"","ocean_menu_typo_transform":"","ocean_menu_typo_transform_tablet":"","ocean_menu_typo_transform_mobile":"","ocean_menu_typo_line_height":0,"ocean_menu_typo_line_height_tablet":0,"ocean_menu_typo_line_height_mobile":0,"ocean_menu_typo_line_height_unit":"","ocean_menu_typo_spacing":0,"ocean_menu_typo_spacing_tablet":0,"ocean_menu_typo_spacing_mobile":0,"ocean_menu_typo_spacing_unit":"","ocean_menu_link_color":"","ocean_menu_link_color_hover":"","ocean_menu_link_color_active":"","ocean_menu_link_background":"","ocean_menu_link_hover_background":"","ocean_menu_link_active_background":"","ocean_menu_social_links_bg":"","ocean_menu_social_hover_links_bg":"","ocean_menu_social_links_color":"","ocean_menu_social_hover_links_color":"","ocean_disable_title":"default","ocean_disable_heading":"default","ocean_post_title":"","ocean_post_subheading":"","ocean_post_title_style":"","ocean_post_title_background_color":"","ocean_post_title_background":0,"ocean_post_title_bg_image_position":"","ocean_post_title_bg_image_attachment":"","ocean_post_title_bg_image_repeat":"","ocean_post_title_bg_image_size":"","ocean_post_title_height":0,"ocean_post_title_bg_overlay":0.5,"ocean_post_title_bg_overlay_color":"","ocean_disable_breadcrumbs":"default","ocean_breadcrumbs_color":"","ocean_breadcrumbs_separator_color":"","ocean_breadcrumbs_links_color":"","ocean_breadcrumbs_links_hover_color":"","ocean_display_footer_widgets":"default","ocean_display_footer_bottom":"default","ocean_custom_footer_template":"","footnotes":""},"categories":[67],"tags":[],"class_list":["post-2004","page","type-page","status-publish","hentry","category-ceux-que-vous-avez-rates","entry"],"_links":{"self":[{"href":"https:\/\/famdt-ardeche.fr\/wp\/wp-json\/wp\/v2\/pages\/2004","targetHints":{"allow":["GET"]}}],"collection":[{"href":"https:\/\/famdt-ardeche.fr\/wp\/wp-json\/wp\/v2\/pages"}],"about":[{"href":"https:\/\/famdt-ardeche.fr\/wp\/wp-json\/wp\/v2\/types\/page"}],"author":[{"embeddable":true,"href":"https:\/\/famdt-ardeche.fr\/wp\/wp-json\/wp\/v2\/users\/4"}],"replies":[{"embeddable":true,"href":"https:\/\/famdt-ardeche.fr\/wp\/wp-json\/wp\/v2\/comments?post=2004"}],"version-history":[{"count":1,"href":"https:\/\/famdt-ardeche.fr\/wp\/wp-json\/wp\/v2\/pages\/2004\/revisions"}],"predecessor-version":[{"id":2005,"href":"https:\/\/famdt-ardeche.fr\/wp\/wp-json\/wp\/v2\/pages\/2004\/revisions\/2005"}],"wp:attachment":[{"href":"https:\/\/famdt-ardeche.fr\/wp\/wp-json\/wp\/v2\/media?parent=2004"}],"wp:term":[{"taxonomy":"category","embeddable":true,"href":"https:\/\/famdt-ardeche.fr\/wp\/wp-json\/wp\/v2\/categories?post=2004"},{"taxonomy":"post_tag","embeddable":true,"href":"https:\/\/famdt-ardeche.fr\/wp\/wp-json\/wp\/v2\/tags?post=2004"}],"curies":[{"name":"wp","href":"https:\/\/api.w.org\/{rel}","templated":true}]}}