{"id":1556,"date":"2023-10-13T14:43:30","date_gmt":"2023-10-13T12:43:30","guid":{"rendered":"https:\/\/famdt-ardeche.fr\/wp\/?page_id=1556"},"modified":"2023-12-05T07:22:54","modified_gmt":"2023-12-05T06:22:54","slug":"rural-cafe","status":"publish","type":"page","link":"https:\/\/famdt-ardeche.fr\/wp\/rural-cafe\/","title":{"rendered":"Rural Caf\u00e9"},"content":{"rendered":"\n<p class=\"has-medium-font-size\">Autour du violoniste et ethnomusicologue Patrick Mazellier, le groupe Rural Caf\u00e9 propose des formations et des ressources en ligne sur son site, autour notamment de la musique du Vivarais. <br><a href=\"http:\/\/www.ruralcafe.com\/ \">http:\/\/www.ruralcafe.com\/ <\/a><\/p>\n\n\n\n<figure class=\"wp-block-image size-large\"><img loading=\"lazy\" decoding=\"async\" width=\"1024\" height=\"248\" src=\"https:\/\/famdt-ardeche.fr\/wp\/wp-content\/uploads\/2023\/10\/Rural-cafe-1024x248.png\" alt=\"\" class=\"wp-image-1557\" srcset=\"https:\/\/famdt-ardeche.fr\/wp\/wp-content\/uploads\/2023\/10\/Rural-cafe-1024x248.png 1024w, https:\/\/famdt-ardeche.fr\/wp\/wp-content\/uploads\/2023\/10\/Rural-cafe-300x73.png 300w, https:\/\/famdt-ardeche.fr\/wp\/wp-content\/uploads\/2023\/10\/Rural-cafe-768x186.png 768w, https:\/\/famdt-ardeche.fr\/wp\/wp-content\/uploads\/2023\/10\/Rural-cafe.png 1098w\" sizes=\"auto, (max-width: 1024px) 100vw, 1024px\" \/><\/figure>\n\n\n\n<p class=\"has-medium-font-size\">Nous proposons un atelier instruments et quelquefois danses le 3\u00e9me vendredi du mois (sauf exceptions Janvier 24) Salle des f\u00eates Vallon Pont d&rsquo;Arc.<\/p>\n\n\n\n<p class=\"has-medium-font-size\">Atelier tous instruments de 17H30 \u00e0 19H anim\u00e9 par P Mazellier (violon, musicien professeur DE) A Gr\u00e2nicher (accord\u00e9on diatonique) Eric Grobel (guitare) <\/p>\n\n\n\n<p class=\"has-medium-font-size\">Ou par les invit\u00e9s de la soir\u00e9e suivant th\u00e9matique. <\/p>\n\n\n\n<p class=\"has-medium-font-size\">Calendrier :<\/p>\n\n\n\n<p class=\"has-medium-font-size\">15 dec Cajun <\/p>\n\n\n\n<p class=\"has-medium-font-size\">Janv 17 r\u00e9pertoire Folkestra de l&rsquo;ECHO <\/p>\n\n\n\n<p class=\"has-medium-font-size\">16 Fev Sud am\u00e9ricain <\/p>\n\n\n\n<p class=\"has-medium-font-size\">15 Mars Irlande <\/p>\n\n\n\n<p class=\"has-medium-font-size\">Avril R\u00e9pertoire folkestra de l&rsquo;ECHO <\/p>\n\n\n\n<p class=\"has-medium-font-size\">Mai Chants de mai Ard\u00e8che avec H Betton <\/p>\n\n\n\n<p class=\"has-medium-font-size\">Juin F\u00eate de la Musique avec Labo &#8211; bicouze<\/p>\n\n\n\n<p class=\"has-medium-font-size\"> Participation au Folkestra de l\u2019ECHO pour la sc\u00e9ne ouverte mensuelle R\u00e9pertoire Ard\u00e8che, Irlande, Klezmer, jazz musette&#8230;<\/p>\n\n\n\n<p class=\"has-medium-font-size\"> Partitions et fichiers son sur site ressource ruralcafe.com Renseignements 0676708588 <\/p>\n\n\n\n<p class=\"has-medium-font-size\">Gratuit avec carte de l\u2019association<\/p>\n\n\n\n<p class=\"has-medium-font-size\">l\u2019 Echo des Garrigues : 144 rue de Coulette 07150 Vallon Pont d\u2019Arc<\/p>\n","protected":false},"excerpt":{"rendered":"<p>Autour du violoniste et ethnomusicologue Patrick Mazellier, le groupe Rural Caf\u00e9 propose des formations et des ressources en ligne sur son site, autour notamment de la musique du Vivarais. http:\/\/www.ruralcafe.com\/ Nous proposons un atelier instruments et quelquefois danses le 3\u00e9me vendredi du mois (sauf exceptions Janvier 24) Salle des f\u00eates Vallon Pont d&rsquo;Arc. Atelier tous [&hellip;]<\/p>\n","protected":false},"author":4,"featured_media":1557,"parent":0,"menu_order":0,"comment_status":"closed","ping_status":"closed","template":"","meta":{"ocean_post_layout":"","ocean_both_sidebars_style":"","ocean_both_sidebars_content_width":0,"ocean_both_sidebars_sidebars_width":0,"ocean_sidebar":"0","ocean_second_sidebar":"0","ocean_disable_margins":"enable","ocean_add_body_class":"","ocean_shortcode_before_top_bar":"","ocean_shortcode_after_top_bar":"","ocean_shortcode_before_header":"","ocean_shortcode_after_header":"","ocean_has_shortcode":"","ocean_shortcode_after_title":"","ocean_shortcode_before_footer_widgets":"","ocean_shortcode_after_footer_widgets":"","ocean_shortcode_before_footer_bottom":"","ocean_shortcode_after_footer_bottom":"","ocean_display_top_bar":"default","ocean_display_header":"default","ocean_header_style":"","ocean_center_header_left_menu":"0","ocean_custom_header_template":"0","ocean_custom_logo":0,"ocean_custom_retina_logo":0,"ocean_custom_logo_max_width":0,"ocean_custom_logo_tablet_max_width":0,"ocean_custom_logo_mobile_max_width":0,"ocean_custom_logo_max_height":0,"ocean_custom_logo_tablet_max_height":0,"ocean_custom_logo_mobile_max_height":0,"ocean_header_custom_menu":"0","ocean_menu_typo_font_family":"0","ocean_menu_typo_font_subset":"","ocean_menu_typo_font_size":0,"ocean_menu_typo_font_size_tablet":0,"ocean_menu_typo_font_size_mobile":0,"ocean_menu_typo_font_size_unit":"px","ocean_menu_typo_font_weight":"","ocean_menu_typo_font_weight_tablet":"","ocean_menu_typo_font_weight_mobile":"","ocean_menu_typo_transform":"","ocean_menu_typo_transform_tablet":"","ocean_menu_typo_transform_mobile":"","ocean_menu_typo_line_height":0,"ocean_menu_typo_line_height_tablet":0,"ocean_menu_typo_line_height_mobile":0,"ocean_menu_typo_line_height_unit":"","ocean_menu_typo_spacing":0,"ocean_menu_typo_spacing_tablet":0,"ocean_menu_typo_spacing_mobile":0,"ocean_menu_typo_spacing_unit":"","ocean_menu_link_color":"","ocean_menu_link_color_hover":"","ocean_menu_link_color_active":"","ocean_menu_link_background":"","ocean_menu_link_hover_background":"","ocean_menu_link_active_background":"","ocean_menu_social_links_bg":"","ocean_menu_social_hover_links_bg":"","ocean_menu_social_links_color":"","ocean_menu_social_hover_links_color":"","ocean_disable_title":"default","ocean_disable_heading":"default","ocean_post_title":"","ocean_post_subheading":"","ocean_post_title_style":"","ocean_post_title_background_color":"","ocean_post_title_background":0,"ocean_post_title_bg_image_position":"","ocean_post_title_bg_image_attachment":"","ocean_post_title_bg_image_repeat":"","ocean_post_title_bg_image_size":"","ocean_post_title_height":0,"ocean_post_title_bg_overlay":0.5,"ocean_post_title_bg_overlay_color":"","ocean_disable_breadcrumbs":"default","ocean_breadcrumbs_color":"","ocean_breadcrumbs_separator_color":"","ocean_breadcrumbs_links_color":"","ocean_breadcrumbs_links_hover_color":"","ocean_display_footer_widgets":"default","ocean_display_footer_bottom":"default","ocean_custom_footer_template":"0","footnotes":""},"categories":[55,23,8],"tags":[],"class_list":["post-1556","page","type-page","status-publish","has-post-thumbnail","hentry","category-associations","category-partenaires-et-amis","category-reseau","entry","has-media"],"_links":{"self":[{"href":"https:\/\/famdt-ardeche.fr\/wp\/wp-json\/wp\/v2\/pages\/1556","targetHints":{"allow":["GET"]}}],"collection":[{"href":"https:\/\/famdt-ardeche.fr\/wp\/wp-json\/wp\/v2\/pages"}],"about":[{"href":"https:\/\/famdt-ardeche.fr\/wp\/wp-json\/wp\/v2\/types\/page"}],"author":[{"embeddable":true,"href":"https:\/\/famdt-ardeche.fr\/wp\/wp-json\/wp\/v2\/users\/4"}],"replies":[{"embeddable":true,"href":"https:\/\/famdt-ardeche.fr\/wp\/wp-json\/wp\/v2\/comments?post=1556"}],"version-history":[{"count":3,"href":"https:\/\/famdt-ardeche.fr\/wp\/wp-json\/wp\/v2\/pages\/1556\/revisions"}],"predecessor-version":[{"id":1741,"href":"https:\/\/famdt-ardeche.fr\/wp\/wp-json\/wp\/v2\/pages\/1556\/revisions\/1741"}],"wp:featuredmedia":[{"embeddable":true,"href":"https:\/\/famdt-ardeche.fr\/wp\/wp-json\/wp\/v2\/media\/1557"}],"wp:attachment":[{"href":"https:\/\/famdt-ardeche.fr\/wp\/wp-json\/wp\/v2\/media?parent=1556"}],"wp:term":[{"taxonomy":"category","embeddable":true,"href":"https:\/\/famdt-ardeche.fr\/wp\/wp-json\/wp\/v2\/categories?post=1556"},{"taxonomy":"post_tag","embeddable":true,"href":"https:\/\/famdt-ardeche.fr\/wp\/wp-json\/wp\/v2\/tags?post=1556"}],"curies":[{"name":"wp","href":"https:\/\/api.w.org\/{rel}","templated":true}]}}