{"id":1440,"date":"2023-09-26T21:02:10","date_gmt":"2023-09-26T19:02:10","guid":{"rendered":"https:\/\/famdt-ardeche.fr\/wp\/?page_id=1440"},"modified":"2024-02-17T14:59:29","modified_gmt":"2024-02-17T13:59:29","slug":"stage-de-danse-klezmer-le-samedi-14-octobre-dans-le-cadre-du-3e-festival-klezmer-dromnklez-a-dieulefit","status":"publish","type":"page","link":"https:\/\/famdt-ardeche.fr\/wp\/stage-de-danse-klezmer-le-samedi-14-octobre-dans-le-cadre-du-3e-festival-klezmer-dromnklez-a-dieulefit\/","title":{"rendered":"Stage de danse klezmer le samedi 14 octobre dans le cadre du 3e festival klezmer DROM&rsquo;N&rsquo;KLEZ \u00e0 Dieulefit\u00a0"},"content":{"rendered":"\n<p><strong>&nbsp;3e \u00e9dition du festival klezmer DROM&rsquo;N&rsquo;KLEZ&nbsp; A DIEULEFIT les 13\/14\/15 OCTOBRE<br>avec un&nbsp;stage de danse klezmer le samedi 14 avec les mucisiens du groupe Klezmer du CAEM, anim\u00e9 par Carmelina AUBERT&nbsp;<\/strong>sp\u00e9cialis\u00e9e&nbsp;&nbsp;en danses d&rsquo;Isra\u00ebl et klezmer. Ce stage aura lieu de 10h30 \u00e0 13h, avec repas partag\u00e9 \u00e0 la suite du stage. Une d\u00e9mo des danses du stage sera faite dans la soir\u00e9e avant le premier concert, il vous sera possible&nbsp;de rejoindre les danseurs-ses du Caem&nbsp;d\u00e9j\u00e0 pr\u00e9vu-es \u00e0 cette&nbsp;occasion et un repas du soir vous sera offert.<br><strong>Inscription et renseignements :&nbsp;<a rel=\"noreferrer noopener\" href=\"mailto:carmelina.aubert@sfr.fr\" target=\"_blank\">carmelina.aubert@sfr.fr<\/a>&nbsp;et\/ou t\u00e9l 0614111423.<\/strong><\/p>\n\n\n\n<figure class=\"wp-block-image size-large is-resized\"><img loading=\"lazy\" decoding=\"async\" width=\"724\" height=\"1024\" src=\"https:\/\/famdt-ardeche.fr\/wp\/wp-content\/uploads\/2023\/09\/DROMNKLEZ-724x1024.jpg\" alt=\"\" class=\"wp-image-1441\" style=\"width:840px;height:1188px\" srcset=\"https:\/\/famdt-ardeche.fr\/wp\/wp-content\/uploads\/2023\/09\/DROMNKLEZ-724x1024.jpg 724w, https:\/\/famdt-ardeche.fr\/wp\/wp-content\/uploads\/2023\/09\/DROMNKLEZ-212x300.jpg 212w, https:\/\/famdt-ardeche.fr\/wp\/wp-content\/uploads\/2023\/09\/DROMNKLEZ-768x1086.jpg 768w, https:\/\/famdt-ardeche.fr\/wp\/wp-content\/uploads\/2023\/09\/DROMNKLEZ-1086x1536.jpg 1086w, https:\/\/famdt-ardeche.fr\/wp\/wp-content\/uploads\/2023\/09\/DROMNKLEZ-1449x2048.jpg 1449w, https:\/\/famdt-ardeche.fr\/wp\/wp-content\/uploads\/2023\/09\/DROMNKLEZ-scaled.jpg 1811w\" sizes=\"auto, (max-width: 724px) 100vw, 724px\" \/><\/figure>\n\n\n\n<figure class=\"wp-block-image size-large\"><img loading=\"lazy\" decoding=\"async\" width=\"1024\" height=\"768\" src=\"https:\/\/famdt-ardeche.fr\/wp\/wp-content\/uploads\/2023\/09\/Dromnklez-programme_page-0001-1024x768.jpg\" alt=\"\" class=\"wp-image-1442\" srcset=\"https:\/\/famdt-ardeche.fr\/wp\/wp-content\/uploads\/2023\/09\/Dromnklez-programme_page-0001-1024x768.jpg 1024w, https:\/\/famdt-ardeche.fr\/wp\/wp-content\/uploads\/2023\/09\/Dromnklez-programme_page-0001-300x225.jpg 300w, https:\/\/famdt-ardeche.fr\/wp\/wp-content\/uploads\/2023\/09\/Dromnklez-programme_page-0001-768x576.jpg 768w, https:\/\/famdt-ardeche.fr\/wp\/wp-content\/uploads\/2023\/09\/Dromnklez-programme_page-0001.jpg 1182w\" sizes=\"auto, (max-width: 1024px) 100vw, 1024px\" \/><\/figure>\n\n\n\n<figure class=\"wp-block-image size-large\"><img loading=\"lazy\" decoding=\"async\" width=\"1024\" height=\"768\" src=\"https:\/\/famdt-ardeche.fr\/wp\/wp-content\/uploads\/2023\/09\/Dromnklez-programme_page-0002-1024x768.jpg\" alt=\"\" class=\"wp-image-1443\" srcset=\"https:\/\/famdt-ardeche.fr\/wp\/wp-content\/uploads\/2023\/09\/Dromnklez-programme_page-0002-1024x768.jpg 1024w, https:\/\/famdt-ardeche.fr\/wp\/wp-content\/uploads\/2023\/09\/Dromnklez-programme_page-0002-300x225.jpg 300w, https:\/\/famdt-ardeche.fr\/wp\/wp-content\/uploads\/2023\/09\/Dromnklez-programme_page-0002-768x576.jpg 768w, https:\/\/famdt-ardeche.fr\/wp\/wp-content\/uploads\/2023\/09\/Dromnklez-programme_page-0002.jpg 1182w\" sizes=\"auto, (max-width: 1024px) 100vw, 1024px\" \/><\/figure>\n","protected":false},"excerpt":{"rendered":"<p>&nbsp;3e \u00e9dition du festival klezmer DROM&rsquo;N&rsquo;KLEZ&nbsp; A DIEULEFIT les 13\/14\/15 OCTOBREavec un&nbsp;stage de danse klezmer le samedi 14 avec les mucisiens du groupe Klezmer du CAEM, anim\u00e9 par Carmelina AUBERT&nbsp;sp\u00e9cialis\u00e9e&nbsp;&nbsp;en danses d&rsquo;Isra\u00ebl et klezmer. Ce stage aura lieu de 10h30 \u00e0 13h, avec repas partag\u00e9 \u00e0 la suite du stage. Une d\u00e9mo des danses du [&hellip;]<\/p>\n","protected":false},"author":3,"featured_media":0,"parent":0,"menu_order":0,"comment_status":"closed","ping_status":"closed","template":"","meta":{"ocean_post_layout":"","ocean_both_sidebars_style":"","ocean_both_sidebars_content_width":0,"ocean_both_sidebars_sidebars_width":0,"ocean_sidebar":"","ocean_second_sidebar":"","ocean_disable_margins":"enable","ocean_add_body_class":"","ocean_shortcode_before_top_bar":"","ocean_shortcode_after_top_bar":"","ocean_shortcode_before_header":"","ocean_shortcode_after_header":"","ocean_has_shortcode":"","ocean_shortcode_after_title":"","ocean_shortcode_before_footer_widgets":"","ocean_shortcode_after_footer_widgets":"","ocean_shortcode_before_footer_bottom":"","ocean_shortcode_after_footer_bottom":"","ocean_display_top_bar":"default","ocean_display_header":"default","ocean_header_style":"","ocean_center_header_left_menu":"","ocean_custom_header_template":"","ocean_custom_logo":0,"ocean_custom_retina_logo":0,"ocean_custom_logo_max_width":0,"ocean_custom_logo_tablet_max_width":0,"ocean_custom_logo_mobile_max_width":0,"ocean_custom_logo_max_height":0,"ocean_custom_logo_tablet_max_height":0,"ocean_custom_logo_mobile_max_height":0,"ocean_header_custom_menu":"","ocean_menu_typo_font_family":"","ocean_menu_typo_font_subset":"","ocean_menu_typo_font_size":0,"ocean_menu_typo_font_size_tablet":0,"ocean_menu_typo_font_size_mobile":0,"ocean_menu_typo_font_size_unit":"px","ocean_menu_typo_font_weight":"","ocean_menu_typo_font_weight_tablet":"","ocean_menu_typo_font_weight_mobile":"","ocean_menu_typo_transform":"","ocean_menu_typo_transform_tablet":"","ocean_menu_typo_transform_mobile":"","ocean_menu_typo_line_height":0,"ocean_menu_typo_line_height_tablet":0,"ocean_menu_typo_line_height_mobile":0,"ocean_menu_typo_line_height_unit":"","ocean_menu_typo_spacing":0,"ocean_menu_typo_spacing_tablet":0,"ocean_menu_typo_spacing_mobile":0,"ocean_menu_typo_spacing_unit":"","ocean_menu_link_color":"","ocean_menu_link_color_hover":"","ocean_menu_link_color_active":"","ocean_menu_link_background":"","ocean_menu_link_hover_background":"","ocean_menu_link_active_background":"","ocean_menu_social_links_bg":"","ocean_menu_social_hover_links_bg":"","ocean_menu_social_links_color":"","ocean_menu_social_hover_links_color":"","ocean_disable_title":"default","ocean_disable_heading":"default","ocean_post_title":"","ocean_post_subheading":"","ocean_post_title_style":"","ocean_post_title_background_color":"","ocean_post_title_background":0,"ocean_post_title_bg_image_position":"","ocean_post_title_bg_image_attachment":"","ocean_post_title_bg_image_repeat":"","ocean_post_title_bg_image_size":"","ocean_post_title_height":0,"ocean_post_title_bg_overlay":0.5,"ocean_post_title_bg_overlay_color":"","ocean_disable_breadcrumbs":"default","ocean_breadcrumbs_color":"","ocean_breadcrumbs_separator_color":"","ocean_breadcrumbs_links_color":"","ocean_breadcrumbs_links_hover_color":"","ocean_display_footer_widgets":"default","ocean_display_footer_bottom":"default","ocean_custom_footer_template":"","footnotes":""},"categories":[67],"tags":[],"class_list":["post-1440","page","type-page","status-publish","hentry","category-ceux-que-vous-avez-rates","entry"],"_links":{"self":[{"href":"https:\/\/famdt-ardeche.fr\/wp\/wp-json\/wp\/v2\/pages\/1440","targetHints":{"allow":["GET"]}}],"collection":[{"href":"https:\/\/famdt-ardeche.fr\/wp\/wp-json\/wp\/v2\/pages"}],"about":[{"href":"https:\/\/famdt-ardeche.fr\/wp\/wp-json\/wp\/v2\/types\/page"}],"author":[{"embeddable":true,"href":"https:\/\/famdt-ardeche.fr\/wp\/wp-json\/wp\/v2\/users\/3"}],"replies":[{"embeddable":true,"href":"https:\/\/famdt-ardeche.fr\/wp\/wp-json\/wp\/v2\/comments?post=1440"}],"version-history":[{"count":2,"href":"https:\/\/famdt-ardeche.fr\/wp\/wp-json\/wp\/v2\/pages\/1440\/revisions"}],"predecessor-version":[{"id":1570,"href":"https:\/\/famdt-ardeche.fr\/wp\/wp-json\/wp\/v2\/pages\/1440\/revisions\/1570"}],"wp:attachment":[{"href":"https:\/\/famdt-ardeche.fr\/wp\/wp-json\/wp\/v2\/media?parent=1440"}],"wp:term":[{"taxonomy":"category","embeddable":true,"href":"https:\/\/famdt-ardeche.fr\/wp\/wp-json\/wp\/v2\/categories?post=1440"},{"taxonomy":"post_tag","embeddable":true,"href":"https:\/\/famdt-ardeche.fr\/wp\/wp-json\/wp\/v2\/tags?post=1440"}],"curies":[{"name":"wp","href":"https:\/\/api.w.org\/{rel}","templated":true}]}}